{"id":835,"date":"2017-07-19T03:10:10","date_gmt":"2017-07-19T03:10:10","guid":{"rendered":"http:\/\/dev.joomexp.com\/wordpress\/laboom\/?page_id=835"},"modified":"2020-02-18T14:53:56","modified_gmt":"2020-02-18T14:53:56","slug":"despre-noi","status":"publish","type":"page","link":"https:\/\/yvycatering.ro\/en\/despre-noi\/","title":{"rendered":"About Us"},"content":{"rendered":"<div data-vc-full-width=\"true\" data-vc-full-width-init=\"false\" class=\"vc_row wpb_row vc_row-fluid no-overlay vc_custom_1582073629850 vc_row-has-fill\" data-lang=\"English\"><div class=\"wpb_column vc_column_container vc_col-sm-12\"><div class=\"vc_column-inner\"><div class=\"wpb_wrapper\"><h2 style=\"font-size: 40px;color: #383848;line-height: 50px;text-align: center;font-family:Quicksand;font-weight:700;font-style:normal\" class=\"vc_custom_heading vc_custom_1554200137352\" >Welcome to Yvy Catering Constanta<\/h2><p style=\"font-size: 15px;color: #9a9a9a;line-height: 25px;text-align: center\" class=\"vc_custom_heading\" >About us<\/p><div class=\"vc_row wpb_row vc_inner vc_row-fluid vc_custom_1496982055290\"><div class=\"wpb_column vc_column_container vc_col-sm-6\"><div class=\"vc_column-inner\"><div class=\"wpb_wrapper\">\n\t<div class=\"wpb_text_column wpb_content_element\" >\n\t\t<div class=\"wpb_wrapper\">\n\t\t\t<p class=\"translation-block\">The <a href=\"http:\/\/yvycatering.ro\/en\/\" target=\"_self\">YVY Catering<\/a> team greets you and thanks you for visiting our page, where we hope you not only find what you\u2019re looking for in terms of delicious treats but also are pleasantly surprised by everything we can offer.<\/p>\n<p>We provide catering services for both individuals and businesses in the Constan\u021ba area and several neighboring towns. Our vision is to serve clients with their favorite dishes at the best possible quality\/price ratio.<\/p>\n<p>We recommend that you visit our website again to discover new offerings, but we especially encourage you to contact us for details about menus and prices and to place your orders.<\/p>\n<p>We use the freshest ingredients from our trusted suppliers and primarily cater to clients who pay special attention to the hygienic conditions of storage, preparation, and transportation of food products.<\/p>\n<p>Out of our love for culinary diversity, we offer you a wide variety of delicious dishes to inspire you every day. We are here to serve you.<a href=\"http:\/\/yvycatering.ro\/en\/contact\/\">Contact us<\/a>.<\/p>\n\n\t\t<\/div>\n\t<\/div>\n<h2 style=\"font-size: 59px;color: #20202f;line-height: 59px;text-align: left;font-family:Abril Fatface;font-weight:400;font-style:normal\" class=\"vc_custom_heading vc_custom_1554200014846\" >Yvy Catering<\/h2><\/div><\/div><\/div><div class=\"wpb_column vc_column_container vc_col-sm-3\"><div class=\"vc_column-inner\"><div class=\"wpb_wrapper\"><div class=\"vc_empty_space  visible-xs\"   style=\"height: 40px\" ><span class=\"vc_empty_space_inner\"><\/span><\/div>\n\n\t<div  class=\"wpb_single_image wpb_content_element vc_align_left  wpb_animate_when_almost_visible wpb_right-to-left right-to-left\">\n\t\t\n\t\t<figure class=\"wpb_wrapper vc_figure\">\n\t\t\t<div class=\"vc_single_image-wrapper   vc_box_border_grey\"><img decoding=\"async\" width=\"900\" height=\"600\" src=\"https:\/\/yvycatering.ro\/wp-content\/uploads\/2017\/07\/catering-gradinite-constanta.jpg\" class=\"vc_single_image-img attachment-full\" alt=\"\" srcset=\"https:\/\/yvycatering.ro\/wp-content\/uploads\/2017\/07\/catering-gradinite-constanta.jpg 900w, https:\/\/yvycatering.ro\/wp-content\/uploads\/2017\/07\/catering-gradinite-constanta-600x400.jpg 600w, https:\/\/yvycatering.ro\/wp-content\/uploads\/2017\/07\/catering-gradinite-constanta-300x200.jpg 300w, https:\/\/yvycatering.ro\/wp-content\/uploads\/2017\/07\/catering-gradinite-constanta-768x512.jpg 768w, https:\/\/yvycatering.ro\/wp-content\/uploads\/2017\/07\/catering-gradinite-constanta-624x416.jpg 624w\" sizes=\"(max-width: 900px) 100vw, 900px\" \/><\/div>\n\t\t<\/figure>\n\t<\/div>\n\n\t<div  class=\"wpb_single_image wpb_content_element vc_align_left  wpb_animate_when_almost_visible wpb_right-to-left right-to-left vc_custom_1554370404024\">\n\t\t\n\t\t<figure class=\"wpb_wrapper vc_figure\">\n\t\t\t<div class=\"vc_single_image-wrapper   vc_box_border_grey\"><img decoding=\"async\" width=\"400\" height=\"400\" src=\"https:\/\/yvycatering.ro\/wp-content\/uploads\/2019\/03\/pregatire-masa-contracte-office-yvy-catering.jpg\" class=\"vc_single_image-img attachment-full\" alt=\"\" srcset=\"https:\/\/yvycatering.ro\/wp-content\/uploads\/2019\/03\/pregatire-masa-contracte-office-yvy-catering.jpg 400w, https:\/\/yvycatering.ro\/wp-content\/uploads\/2019\/03\/pregatire-masa-contracte-office-yvy-catering-100x100.jpg 100w, https:\/\/yvycatering.ro\/wp-content\/uploads\/2019\/03\/pregatire-masa-contracte-office-yvy-catering-150x150.jpg 150w, https:\/\/yvycatering.ro\/wp-content\/uploads\/2019\/03\/pregatire-masa-contracte-office-yvy-catering-300x300.jpg 300w, https:\/\/yvycatering.ro\/wp-content\/uploads\/2019\/03\/pregatire-masa-contracte-office-yvy-catering-104x104.jpg 104w\" sizes=\"(max-width: 400px) 100vw, 400px\" \/><\/div>\n\t\t<\/figure>\n\t<\/div>\n<\/div><\/div><\/div><div class=\"wpb_column vc_column_container vc_col-sm-3\"><div class=\"vc_column-inner\"><div class=\"wpb_wrapper\">\n\t<div  class=\"wpb_single_image wpb_content_element vc_align_left  wpb_animate_when_almost_visible wpb_right-to-left right-to-left\">\n\t\t\n\t\t<figure class=\"wpb_wrapper vc_figure\">\n\t\t\t<div class=\"vc_single_image-wrapper   vc_box_border_grey\"><img decoding=\"async\" width=\"900\" height=\"600\" src=\"https:\/\/yvycatering.ro\/wp-content\/uploads\/2017\/07\/catering-conferinte.jpg\" class=\"vc_single_image-img attachment-full\" alt=\"\" srcset=\"https:\/\/yvycatering.ro\/wp-content\/uploads\/2017\/07\/catering-conferinte.jpg 900w, https:\/\/yvycatering.ro\/wp-content\/uploads\/2017\/07\/catering-conferinte-600x400.jpg 600w, https:\/\/yvycatering.ro\/wp-content\/uploads\/2017\/07\/catering-conferinte-300x200.jpg 300w, https:\/\/yvycatering.ro\/wp-content\/uploads\/2017\/07\/catering-conferinte-768x512.jpg 768w, https:\/\/yvycatering.ro\/wp-content\/uploads\/2017\/07\/catering-conferinte-624x416.jpg 624w\" sizes=\"(max-width: 900px) 100vw, 900px\" \/><\/div>\n\t\t<\/figure>\n\t<\/div>\n\n\t<div  class=\"wpb_single_image wpb_content_element vc_align_left  wpb_animate_when_almost_visible wpb_right-to-left right-to-left vc_custom_1554370437961\">\n\t\t\n\t\t<figure class=\"wpb_wrapper vc_figure\">\n\t\t\t<div class=\"vc_single_image-wrapper   vc_box_border_grey\"><img decoding=\"async\" width=\"900\" height=\"600\" src=\"https:\/\/yvycatering.ro\/wp-content\/uploads\/2017\/07\/contracte-gradinite-1-constanta.jpg\" class=\"vc_single_image-img attachment-full\" alt=\"\" srcset=\"https:\/\/yvycatering.ro\/wp-content\/uploads\/2017\/07\/contracte-gradinite-1-constanta.jpg 900w, https:\/\/yvycatering.ro\/wp-content\/uploads\/2017\/07\/contracte-gradinite-1-constanta-600x400.jpg 600w, https:\/\/yvycatering.ro\/wp-content\/uploads\/2017\/07\/contracte-gradinite-1-constanta-300x200.jpg 300w, https:\/\/yvycatering.ro\/wp-content\/uploads\/2017\/07\/contracte-gradinite-1-constanta-768x512.jpg 768w, https:\/\/yvycatering.ro\/wp-content\/uploads\/2017\/07\/contracte-gradinite-1-constanta-624x416.jpg 624w\" sizes=\"(max-width: 900px) 100vw, 900px\" \/><\/div>\n\t\t<\/figure>\n\t<\/div>\n<\/div><\/div><\/div><\/div><\/div><\/div><\/div><\/div><div class=\"vc_row-full-width vc_clearfix\"><\/div>","protected":false},"excerpt":{"rendered":"Bine a\u021bi venit la Yvy Catering ConstantaDespre noi Echipa YVY Catering te salut\u0103 \u0219i \u00ee\u021bi mul\u021bume\u0219te c\u0103 ai ajuns pe pagina noastr\u0103 unde sper\u0103m nu doar s\u0103 g\u0103se\u0219ti ceea ce cau\u021bi \u00een materie de bun\u0103t\u0103\u021bi ci \u0219i s\u0103 fii pl\u0103cut surprins de tot ceea ce \u00ee\u021bi putem oferi. Ne ocup\u0103m cu servicii de catering pentru [...]","protected":false},"author":1,"featured_media":0,"parent":0,"menu_order":0,"comment_status":"closed","ping_status":"closed","template":"","meta":{"footnotes":""},"class_list":["post-835","page","type-page","status-publish","hentry"],"acf":[],"_links":{"self":[{"href":"https:\/\/yvycatering.ro\/en\/wp-json\/wp\/v2\/pages\/835","targetHints":{"allow":["GET"]}}],"collection":[{"href":"https:\/\/yvycatering.ro\/en\/wp-json\/wp\/v2\/pages"}],"about":[{"href":"https:\/\/yvycatering.ro\/en\/wp-json\/wp\/v2\/types\/page"}],"author":[{"embeddable":true,"href":"https:\/\/yvycatering.ro\/en\/wp-json\/wp\/v2\/users\/1"}],"replies":[{"embeddable":true,"href":"https:\/\/yvycatering.ro\/en\/wp-json\/wp\/v2\/comments?post=835"}],"version-history":[{"count":0,"href":"https:\/\/yvycatering.ro\/en\/wp-json\/wp\/v2\/pages\/835\/revisions"}],"wp:attachment":[{"href":"https:\/\/yvycatering.ro\/en\/wp-json\/wp\/v2\/media?parent=835"}],"curies":[{"name":"wp","href":"https:\/\/api.w.org\/{rel}","templated":true}]}}