{"id":4949,"date":"2020-07-09T10:00:34","date_gmt":"2020-07-09T07:00:34","guid":{"rendered":"https:\/\/yvycatering.ro\/?page_id=4949"},"modified":"2020-07-09T10:00:34","modified_gmt":"2020-07-09T07:00:34","slug":"politica-cookie","status":"publish","type":"page","link":"https:\/\/yvycatering.ro\/en\/politica-cookie\/","title":{"rendered":"Cookie Policy"},"content":{"rendered":"<div class=\"vc_row wpb_row vc_row-fluid no-overlay\" data-lang=\"English\"><div class=\"wpb_column vc_column_container vc_col-sm-12\"><div class=\"vc_column-inner\"><div class=\"wpb_wrapper\">\n\t<div class=\"wpb_raw_code wpb_content_element wpb_raw_html\" >\n\t\t<div class=\"wpb_wrapper\">\n\t\t\t<div class=\"cookie\">\n    <p>Incep\u00e2nd cu intrarea \u00een vigoare a Regulamentului European 2016\/679 privind protec\u021bia \u0219i prelucrarea datelor cu caracter personal \u0219i libera circula\u021bie a acestor date (GDPR), vizitatorii site-urilor web au dreptul s\u0103 fie informa\u021bi \u00een mod specific \u0219i la zi despre toate datele care sunt colectate despre ei, scopul colect\u0103rii ca \u0219i despre unde \u0219i cui sunt transmise aceste date.<\/p>\n    <p>Site-urile web apar\u021bin\u00e2nd Blanc Roxor Catering SRL folosesc cookie-uri pentru a furniza vizitatorilor o experien\u021b\u0103 mult mai bun\u0103 de navigare \u0219i servicii adaptate nevoilor \u0219i interesului fiec\u0103ruia. \"Cookie\"-urile au rolul de a facilita accesul \u0219i livrarea serviciilor folosite de utilizatorii de Internet, precum personalizarea anumitor set\u0103ri (limba, \u021bara, produsele dintr-un co\u0219 de cump\u0103r\u0103turi). \"Cookie\"-urile, pe baza informa\u021biilor pe care le adun\u0103 despre utilizatori, \u00eei ajut\u0103 pe de\u021bin\u0103torii de site-uri s\u0103 \u00ee\u0219i eficientizeze produsul astfel \u00eenc\u00e2t acesta s\u0103 fie c\u00e2t mai u\u0219or accesat de c\u0103tre utilizatori \u0219i de asemenea, cresc gradul de eficien\u021b\u0103 a publicit\u0103\u021bii online.<\/p>\n    <p>Cookie (\"browser cookie\" sau \"HTTP cookie\") este un fi\u0219ier de mici dimensiuni, format din litere \u0219i numere, care este stocat pe orice terminal cu acces la Internet (computer, telefon mobil, tablet\u0103 etc.) \u0219i este instalat prin solicitarea emis\u0103 de un web-server unui browser (ex: Firefox, Chrome).<\/p>\n    <p>Noile reguli impuse de GDPR au un impact direct \u0219i asupra politicii noastre cookie, pe care o actualiz\u0103m cu aceast\u0103 ocazie.<\/p>\n\n    Prin aceast\u0103 politic\u0103 inten\u021bion\u0103m s\u0103 v\u0103 inform\u0103m despre:\n    <ul>\n        <li>Ce tip de cookie-uri exist\u0103 pe site-urile noastre,<\/li>\n        <li>C\u00e2t timp persist\u0103 acestea \u00een browser-ele vizitatorilor,<\/li>\n        <li>Ce date urm\u0103resc aceste cookie-uri,<\/li>\n        <li>Care este scopul final al acestor cookie-uri (func\u021bionalitate, preferin\u021be, statistici, marketing etc.),<\/li>\n        <li>Unde sunt trimise datele \u0219i cu cine sunt partajate,<\/li>\n        <li>Cum se poate refuza utilizarea cookie-urilor \u0219i cum se pot schimba ulterior set\u0103rile browser-elor legate de cookie-uri.<\/li>\n    <\/ul>\n    \n    <p>Regulamentul GDPR permite stocarea de cookie-uri pe echipamentele dumneavoastr\u0103 daca sunt strict necesare pentru buna func\u021bionarea a site-ului web. Acest site web folose\u0219te diferite tipuri de cookie-uri. Anumite cookie-uri sunt instalate de c\u0103tre ter\u021bi. V\u0103 pute\u021bi modifica sau retrage \u00een orice moment consim\u021b\u0103m\u00e2ntul dat \u00een Politica de cookie.<\/p>\n    <p>\u00cen cazul \u00een care dori\u021bi op\u021biuni de setare de setare c\u00e2t mai detaliate a cookie-urilor, acest lucru se poate face din setarile browser-ului. Toate browser-ele moderne ofer\u0103 posibilitatea de a schimba set\u0103rile cookie-urilor. Aceste set\u0103ri se gasesc de regul\u0103 \u00een \"Op\u021biuni\" sau \u00een meniul de \"Preferin\u021be\" al browser-ului web.<\/p>\n\n    Pentru a \u00een\u021belege aceste set\u0103ri, urm\u0103toarele linkuri pot fi folositoare sau pute\u021bi folosi op\u021biunea \"ajutor\" a browser-ului pentru mai multe detalii:\n    <ul>\n        <li>Set\u0103ri cookie \u00een <a href=\"https:\/\/support.mozilla.org\/ro\/kb\/activarea-si-dezactivarea-cookie-urilor\" target=\"_blank\">Firefox<\/a><\/li>\n        <li>Set\u0103ri cookie \u00een <a href=\"https:\/\/support.google.com\/chrome\/answer\/95647?hl=ro&amp;%3Bhlrm=en\" target=\"_blank\">Chrome<\/a><\/li>\n        <li>Set\u0103ri cookie \u00een <a href=\"https:\/\/privacy.microsoft.com\/ro-ro\/windows-10-microsoft-edge-and-privacy\" target=\"_blank\">Edge<\/a><\/li>\n        <li>Set\u0103ri cookie \u00een <a href=\"https:\/\/support.microsoft.com\/ro-ro\/help\/17442\/windows-internet-explorer-delete-manage-cookies#ie=ie-11\" target=\"_blank\">Internet Explorer<\/a><\/li>\n        <li>Set\u0103ri cookie \u00een <a href=\"https:\/\/support.apple.com\/ro-ro\/guide\/safari\/manage-cookies-and-website-data-sfri11471\/mac\" target=\"_blank\">Safari<\/a><\/li>\n        <li>Set\u0103ri cookie \u00een <a href=\"https:\/\/www.opera.com\/help\/tutorials\/security\/privacy\/\" target=\"_blank\">Opera<\/a><\/li>\n    <\/ul>\n\n    <div class=\"cookie-list\">\n        <p>Acest site utilizeaz\u0103 cookie-uri.<\/p>\n        <p class=\"text-justify\">\n            <span>Acest website folose\u0219te cookie-uri pentru a furniza vizitatorilor o experien\u021b\u0103 mai bun\u0103 de navigare \u0219i servicii adaptatenevoilor \u0219i interesului fiec\u0103ruia. Blanc Roxor Catering SRL a actualizat <a href=\"https:\/\/yvycatering.ro\/en\/informatii\/termeni-si-conditii\/\">Termenii \u0219i Condi\u021biile<\/a> and <a href=\"https:\/\/yvycatering.ro\/en\/informatii\/cookies\/\">Politica de cookies<\/a> pentru a integra \u00een acestea modific\u0103rile specificate de Regulamentul (UE) 2016\/679 privind protec\u021bia persoanelor fizice \u00een ceea ce prive\u0219te prelucrarea datelor cu caracter personal \u0219i privind libera circula\u021bie a acestor date. \u00cenainte de a continua navigarea pe website-ul nostru, te rug\u0103m s\u0103 cite\u0219ti cele dou\u0103 politici. Prin continuarea navig\u0103rii pe website-ul nostru, confirmi acceptarea utiliz\u0103rii fi\u015fierelor de tip cookie conform Politicii de Cookie. Set\u0103rile cookie pot fi modificate oric\u00e2nd, urm\u00e2nd indica\u021biile din Politica de Cookie.<\/span>\n        <\/p>\n        <p><\/p>\n        <p>Legea stipuleaz\u0103 c\u0103 putem stoca cookie-uri pe dispozitivul dvs., \u00een cazul \u00een care ele sunt strict necesare pentru operarea acestui site. Pentru toate celelalte tipuri de cookie-uri avem nevoie de permisiunea dvs.<\/p>\n        <p>Acest site utilizeaz\u0103 diferite tipuri de cookie-uri. Unele cookie-uri sunt plasate de c\u0103tre servicii p\u0103r\u0163i ter\u0163e care apar pe paginile noastre.<\/p>\n        <p>Pute\u021bi, \u00een orice moment, s\u0103 modifica\u021bi sau s\u0103 v\u0103 retrage\u021bi acordul din Declara\u021bia privind modulele cookie de pe website-ul nostru.<\/p>\n    \n        <p>Consim\u0163\u0103m\u00e2ntul dvs. se aplic\u0103 urm\u0103toarelor domenii: www.yvycatering.ro<\/p>\n    \n        <hr>\n        <div class=\"cookie-necesare\">\n            <h4>Required<\/h4>\n            <p>Cookie-urile necesare fac website-ul utilizabil, prin activarea func\u0163iilor de baz\u0103, precum navigarea \u00een pagin\u0103 \u015fi accesul la zonele securizate de pe site. Site-ul nu poate func\u0163iona corespunz\u0103tor f\u0103r\u0103 aceste cookie-uri.<\/p>\n            <table>\n                <thead>\n                    <tr>\n                        <th>Denumire<\/th>\n                        <th>Furnizor<\/th>\n                        <th>Scop<\/th>\n                    <\/tr>\n                <\/thead>\n                <tbody>\n                    <tr>\n                        <td>PHPSESSID<\/td>\n                        <td>yvycatering.ro<\/td>\n                        <td>Re\u021bine sesiunea user-ului \u00een timpul navig\u0103rii pe site.<\/td>\n                    <\/tr>\n                    <tr>\n                        <td>wordpress_gdpr_cookies_allowed, wordpress_gdpr_cookies_declined<\/td>\n                        <td>yvycatering.ro<\/td>\n                        <td>Re\u021bine set\u0103rile f\u0103cute \u00een pagina de <a href=\"https:\/\/yvycatering.ro\/en\/setari-gdpr\/\">Set\u0103ri Cookie<\/a>.<\/td>\n                    <\/tr>\n                    <tr>\n                        <td>woocommerce_cart_hash, woocommerce_items_in_cart, wp_woocommerce_session_{hash}<\/td>\n                        <td>yvycatering.ro<\/td>\n                        <td>Informa\u021biile din co\u0219 sunt salvate \u00een aceste cookie-uri.<\/td>\n                    <\/tr>\n                <\/tbody>\n            <\/table>\n        <\/div>\n        <hr>\n        <div class=\"cookie-statistici\">\n            <h4>Statistici<\/h4>\n            <p>Cookie-urile de statistic\u0103 \u00eei ajut\u0103 pe proprietarii unui site s\u0103 \u00een\u0163eleag\u0103 modul \u00een care vizitatorii interac\u0163ioneaz\u0103 cu site-urile prin colectarea \u015fi raportarea informa\u0163iilor \u00een mod anonim.<\/p>\n            <table>\n                <thead>\n                    <tr>\n                        <th>Denumire<\/th>\n                        <th>Furnizor<\/th>\n                        <th>Scop<\/th>\n                    <\/tr>\n                <\/thead>\n                <tbody>\n                    <tr>\n                        <td>_ga<\/td>\n                        <td>Google Analytics<\/td>\n                        <td>Used to distinguish users.<\/td>\n                    <\/tr>\n                    <tr>\n                        <td>_gat<\/td>\n                        <td>Google Analytics<\/td>\n                        <td>Used to distinguish users.<\/td>\n                    <\/tr>\n                    <tr>\n                        <td>_gid<\/td>\n                        <td>Google Analytics<\/td>\n                        <td>Used to throttle request rate.<\/td>\n                    <\/tr>\n                    <tr>\n                        <td>_fbp, fr<\/td>\n                        <td>Facebook Pixel<\/td>\n                        <td>Cookie-ul este setat de Facebook pentru a afi\u0219a reclame relevante pentru utilizatori \u0219i pentru a m\u0103sura \u0219i \u00eembun\u0103t\u0103\u021bi reclamele.<\/td>\n                    <\/tr>\n                <\/tbody>\n            <\/table>\n        <\/div>\n    <\/div>\n<\/div>\n\t\t<\/div>\n\t<\/div>\n<\/div><\/div><\/div><\/div>","protected":false},"excerpt":{"rendered":"Incep\u00e2nd cu intrarea \u00een vigoare a Regulamentului European 2016\/679 privind protec\u021bia \u0219i prelucrarea datelor cu caracter personal \u0219i libera circula\u021bie a acestor date (GDPR), vizitatorii site-urilor web au dreptul s\u0103 fie informa\u021bi \u00een mod specific \u0219i la zi despre toate datele care sunt colectate despre ei, scopul colect\u0103rii ca \u0219i despre unde \u0219i cui sunt [...]","protected":false},"author":1,"featured_media":0,"parent":0,"menu_order":0,"comment_status":"closed","ping_status":"closed","template":"","meta":{"footnotes":""},"class_list":["post-4949","page","type-page","status-publish","hentry"],"acf":[],"_links":{"self":[{"href":"https:\/\/yvycatering.ro\/en\/wp-json\/wp\/v2\/pages\/4949","targetHints":{"allow":["GET"]}}],"collection":[{"href":"https:\/\/yvycatering.ro\/en\/wp-json\/wp\/v2\/pages"}],"about":[{"href":"https:\/\/yvycatering.ro\/en\/wp-json\/wp\/v2\/types\/page"}],"author":[{"embeddable":true,"href":"https:\/\/yvycatering.ro\/en\/wp-json\/wp\/v2\/users\/1"}],"replies":[{"embeddable":true,"href":"https:\/\/yvycatering.ro\/en\/wp-json\/wp\/v2\/comments?post=4949"}],"version-history":[{"count":1,"href":"https:\/\/yvycatering.ro\/en\/wp-json\/wp\/v2\/pages\/4949\/revisions"}],"predecessor-version":[{"id":4950,"href":"https:\/\/yvycatering.ro\/en\/wp-json\/wp\/v2\/pages\/4949\/revisions\/4950"}],"wp:attachment":[{"href":"https:\/\/yvycatering.ro\/en\/wp-json\/wp\/v2\/media?parent=4949"}],"curies":[{"name":"wp","href":"https:\/\/api.w.org\/{rel}","templated":true}]}}