{"id":2030,"date":"2019-03-20T12:28:20","date_gmt":"2019-03-20T12:28:20","guid":{"rendered":"http:\/\/yvycatering.ro\/?page_id=2030"},"modified":"2019-09-02T10:39:52","modified_gmt":"2019-09-02T10:39:52","slug":"catering-gradinite","status":"publish","type":"page","link":"https:\/\/yvycatering.ro\/en\/catering-gradinite\/","title":{"rendered":"KINDERGARTEN CATERING"},"content":{"rendered":"<section class=\"vc_section\"><div class=\"vc_row wpb_row vc_row-fluid no-overlay\" data-lang=\"English\"><div class=\"wpb_column vc_column_container vc_col-sm-12\"><div class=\"vc_column-inner\"><div class=\"wpb_wrapper\"><h5 style=\"font-size: 15px;color: #9a9a9a;line-height: 20px;text-align: center\" class=\"vc_custom_heading vc_custom_1556028394831\" >CATERING CONSTANTA<\/h5><h3 style=\"font-size: 40px;color: #20202f;line-height: 60px;text-align: center\" class=\"vc_custom_heading vc_custom_1556028401220\" >MENUS <strong>KINDERGARTEN<\/strong><\/h3><div class=\"vc_empty_space  visible-xs\"   style=\"height: 40px\" ><span class=\"vc_empty_space_inner\"><\/span><\/div>\n<div class=\"vc_tta-container\" data-vc-action=\"collapseAll\"><div class=\"vc_general vc_tta vc_tta-accordion vc_tta-color-grey vc_tta-style-classic vc_tta-shape-rounded vc_tta-o-shape-group vc_tta-controls-align-left vc_tta-o-all-clickable vc_custom_1556028523398\"><div class=\"vc_tta-panels-container\"><div class=\"vc_tta-panels\"><div class=\"vc_tta-panel\" id=\"1555487414584-2952fb51-93be5842-9758\" data-vc-content=\".vc_tta-panel-body\"><div class=\"vc_tta-panel-heading\"><h4 class=\"vc_tta-panel-title vc_tta-controls-icon-position-left\"><a href=\"#1555487414584-2952fb51-93be5842-9758\" data-vc-accordion data-vc-container=\".vc_tta-container\"><span class=\"vc_tta-title-text\">Menu Kindy I<\/span><i class=\"vc_tta-controls-icon vc_tta-controls-icon-plus\"><\/i><\/a><\/h4><\/div><div class=\"vc_tta-panel-body\">\n\t<div class=\"wpb_text_column wpb_content_element\" >\n\t\t<div class=\"wpb_wrapper\">\n\t\t\t<p style=\"color: #720e0e; text-align: left;\">BREAKFAST<\/p>\n<p style=\"color: #7e828e; text-align: left;\">Granola flakes 40g, cow's yogurt 130g;<\/p>\n<p style=\"color: #7e828e; text-align: left;\"><em>Snack<\/em>: <em>Fresh fruit and raw almonds 50\/20g;<\/em><\/p>\n<p style=\"color: #720e0e; text-align: left;\">LUNCH<\/p>\n<p style=\"color: #7e828e; text-align: left;\">Veal meatball borscht (320 ml), chicken skewers (80 g) with basmati rice (120 g).<br \/>\n<em>Snack: Vanilla cake 50g<\/em><\/p>\n\n\t\t<\/div>\n\t<\/div>\n<\/div><\/div><div class=\"vc_tta-panel\" id=\"1555487414635-aa636eb6-71e25842-9758\" data-vc-content=\".vc_tta-panel-body\"><div class=\"vc_tta-panel-heading\"><h4 class=\"vc_tta-panel-title vc_tta-controls-icon-position-left\"><a href=\"#1555487414635-aa636eb6-71e25842-9758\" data-vc-accordion data-vc-container=\".vc_tta-container\"><span class=\"vc_tta-title-text\">Menu Kindy II<\/span><i class=\"vc_tta-controls-icon vc_tta-controls-icon-plus\"><\/i><\/a><\/h4><\/div><div class=\"vc_tta-panel-body\">\n\t<div class=\"wpb_text_column wpb_content_element\" >\n\t\t<div class=\"wpb_wrapper\">\n\t\t\t<p style=\"color: #720e0e; text-align: left;\">Breakfast<\/p>\n<p style=\"color: #7e828e; text-align: left;\" class=\"translation-block\">Country-style omelette (egg, fresh vegetables, milk) 80 g, whole-grain bread, tea (200 ml).<br>\n<em>Snack: Fresh fruit 50 g<\/em><\/p>\n<p style=\"color: #720e0e; text-align: left;\">LUNCH<\/p>\n<p style=\"color: #7e828e; text-align: left;\">Chicken soup with vegetables 320ml, Baked chicken breast with fresh tomato sauce 100g and cous cous with vegetables 120g.<br \/>\n<em>Snack: Muffins with cocoa flakes 50g.<\/em><\/p>\n\n\t\t<\/div>\n\t<\/div>\n<\/div><\/div><div class=\"vc_tta-panel\" id=\"1555493185823-d211caaf-0f36\" data-vc-content=\".vc_tta-panel-body\"><div class=\"vc_tta-panel-heading\"><h4 class=\"vc_tta-panel-title vc_tta-controls-icon-position-left\"><a href=\"#1555493185823-d211caaf-0f36\" data-vc-accordion data-vc-container=\".vc_tta-container\"><span class=\"vc_tta-title-text\">Menu Kindy III<\/span><i class=\"vc_tta-controls-icon vc_tta-controls-icon-plus\"><\/i><\/a><\/h4><\/div><div class=\"vc_tta-panel-body\">\n\t<div class=\"wpb_text_column wpb_content_element\" >\n\t\t<div class=\"wpb_wrapper\">\n\t\t\t<p style=\"color: #720e0e; text-align: left;\">BREAKFAST<\/p>\n<p style=\"color: #7e828e; text-align: left;\">Whole-grain bread 40 g, cream cheese with dill 40 g, bell pepper 20 g, and fruit tea 200 ml.<br \/>\n<em>Gustare: Fructe proaspete,nuci 50\/20g<\/em><\/p>\n<p style=\"color: #720e0e; text-align: left;\">LUNCH<\/p>\n<p style=\"color: #7e828e; text-align: left;\">Vegetable soup 320ml, Beef moussaka 120g<br \/>\n<em>Snack: Pancakes with sugar-free jam 110g.<\/em><\/p>\n\n\t\t<\/div>\n\t<\/div>\n<\/div><\/div><\/div><\/div><\/div><\/div><\/div><\/div><\/div><\/div><\/section><div class=\"vc_row wpb_row vc_row-fluid no-overlay\" data-lang=\"English\"><div class=\"wpb_column vc_column_container vc_col-sm-12\"><div class=\"vc_column-inner\"><div class=\"wpb_wrapper\"><h5 style=\"font-size: 20px;color: #20202f;line-height: 40px;text-align: center\" class=\"vc_custom_heading vc_custom_1555496726956\" ><strong>successful collaborations<\/strong><\/h5><div  class=\"wpb_images_carousel wpb_content_element vc_clearfix\">\n\t<div class=\"wpb_wrapper\">\n\t\t\t\t<div id=\"vc_images-carousel-1-1776686785\" data-ride=\"vc_carousel\" data-wrap=\"true\" style=\"width: 100%;\" data-interval=\"5000\" data-auto-height=\"yes\" data-mode=\"horizontal\" data-partial=\"false\" data-per-view=\"4\" data-hide-on-end=\"false\" class=\"vc_slide vc_images_carousel\">\n\t\t\t\t\t\t\t<!-- Indicators -->\n\t\t\t\t<ol class=\"vc_carousel-indicators\">\n\t\t\t\t\t\t\t\t\t\t\t<li data-target=\"#vc_images-carousel-1-1776686785\" data-slide-to=\"0\"><\/li>\n\t\t\t\t\t\t\t\t\t\t\t<li data-target=\"#vc_images-carousel-1-1776686785\" data-slide-to=\"1\"><\/li>\n\t\t\t\t\t\t\t\t\t\t\t<li data-target=\"#vc_images-carousel-1-1776686785\" data-slide-to=\"2\"><\/li>\n\t\t\t\t\t\t\t\t\t\t\t<li data-target=\"#vc_images-carousel-1-1776686785\" data-slide-to=\"3\"><\/li>\n\t\t\t\t\t\t\t\t\t\t\t<li data-target=\"#vc_images-carousel-1-1776686785\" data-slide-to=\"4\"><\/li>\n\t\t\t\t\t\t\t\t\t<\/ol>\n\t\t\t\t\t\t<!-- Wrapper for slides -->\n\t\t\t<div class=\"vc_carousel-inner\">\n\t\t\t\t<div class=\"vc_carousel-slideline\">\n\t\t\t\t\t<div class=\"vc_carousel-slideline-inner\">\n\t\t\t\t\t\t\t\t\t\t\t\t\t\t\t\t\t\t\t\t<div class=\"vc_item\">\n\t\t\t\t\t\t\t\t<div class=\"vc_inner\">\n\t\t\t\t\t\t\t\t\t\t\t\t\t\t\t\t\t\t\t<img decoding=\"async\" width=\"1125\" height=\"133\" src=\"https:\/\/yvycatering.ro\/wp-content\/uploads\/2019\/09\/gradinita.jpg\" class=\"attachment-full\" alt=\"\" srcset=\"https:\/\/yvycatering.ro\/wp-content\/uploads\/2019\/09\/gradinita.jpg 1125w, https:\/\/yvycatering.ro\/wp-content\/uploads\/2019\/09\/gradinita-600x71.jpg 600w, https:\/\/yvycatering.ro\/wp-content\/uploads\/2019\/09\/gradinita-300x35.jpg 300w, https:\/\/yvycatering.ro\/wp-content\/uploads\/2019\/09\/gradinita-768x91.jpg 768w, https:\/\/yvycatering.ro\/wp-content\/uploads\/2019\/09\/gradinita-1024x121.jpg 1024w, https:\/\/yvycatering.ro\/wp-content\/uploads\/2019\/09\/gradinita-624x74.jpg 624w\" sizes=\"(max-width: 1125px) 100vw, 1125px\" \/>\t\t\t\t\t\t\t\t\t\t\t\t\t\t\t\t\t<\/div>\n\t\t\t\t\t\t\t<\/div>\n\t\t\t\t\t\t\t\t\t\t\t\t\t\t\t\t\t\t\t\t<div class=\"vc_item\">\n\t\t\t\t\t\t\t\t<div class=\"vc_inner\">\n\t\t\t\t\t\t\t\t\t\t\t\t\t\t\t\t\t\t\t<img decoding=\"async\" width=\"250\" height=\"50\" src=\"https:\/\/yvycatering.ro\/wp-content\/uploads\/2019\/04\/catering-centrul-educational-iq-constanta.png\" class=\"attachment-full\" alt=\"\" \/>\t\t\t\t\t\t\t\t\t\t\t\t\t\t\t\t\t<\/div>\n\t\t\t\t\t\t\t<\/div>\n\t\t\t\t\t\t\t\t\t\t\t\t\t\t\t\t\t\t\t\t<div class=\"vc_item\">\n\t\t\t\t\t\t\t\t<div class=\"vc_inner\">\n\t\t\t\t\t\t\t\t\t\t\t\t\t\t\t\t\t\t\t<img decoding=\"async\" width=\"250\" height=\"50\" src=\"https:\/\/yvycatering.ro\/wp-content\/uploads\/2019\/04\/asociatia-mikey-minnie-club-catering-constanta.png\" class=\"attachment-full\" alt=\"\" \/>\t\t\t\t\t\t\t\t\t\t\t\t\t\t\t\t\t<\/div>\n\t\t\t\t\t\t\t<\/div>\n\t\t\t\t\t\t\t\t\t\t\t\t\t\t\t\t\t\t\t\t<div class=\"vc_item\">\n\t\t\t\t\t\t\t\t<div class=\"vc_inner\">\n\t\t\t\t\t\t\t\t\t\t\t\t\t\t\t\t\t\t\t<img decoding=\"async\" width=\"250\" height=\"50\" src=\"https:\/\/yvycatering.ro\/wp-content\/uploads\/2019\/04\/centrul-tik-catering-constanta.png\" class=\"attachment-full\" alt=\"\" \/>\t\t\t\t\t\t\t\t\t\t\t\t\t\t\t\t\t<\/div>\n\t\t\t\t\t\t\t<\/div>\n\t\t\t\t\t\t\t\t\t\t\t\t\t\t\t\t\t\t\t\t<div class=\"vc_item\">\n\t\t\t\t\t\t\t\t<div class=\"vc_inner\">\n\t\t\t\t\t\t\t\t\t\t\t\t\t\t\t\t\t\t\t<img decoding=\"async\" width=\"250\" height=\"50\" src=\"https:\/\/yvycatering.ro\/wp-content\/uploads\/2019\/04\/afterschool-stelutele-matematicii-catering-constanta.png\" class=\"attachment-full\" alt=\"\" \/>\t\t\t\t\t\t\t\t\t\t\t\t\t\t\t\t\t<\/div>\n\t\t\t\t\t\t\t<\/div>\n\t\t\t\t\t\t\t\t\t\t\t<\/div>\n\t\t\t\t<\/div>\n\t\t\t<\/div>\n\t\t\t\t\t<\/div>\n\t<\/div>\n<\/div>\n<\/div><\/div><\/div><\/div><div data-vc-full-width=\"true\" data-vc-full-width-init=\"false\" class=\"vc_row wpb_row vc_row-fluid no-overlay vc_custom_1554370736088 vc_row-has-fill\" data-lang=\"English\"><div class=\"wpb_column vc_column_container vc_col-sm-12\"><div class=\"vc_column-inner\"><div class=\"wpb_wrapper\"><h2 style=\"font-size: 40px;color: #ffffff;line-height: 50px;text-align: center;font-family:Quicksand;font-weight:700;font-style:normal\" class=\"vc_custom_heading vc_custom_1553694334561\" >GARDEN CATERING CONTRACTS<\/h2><p style=\"font-size: 15px;color: #b9b7b2;line-height: 25px;text-align: center\" class=\"vc_custom_heading\" >Constanta<\/p><div class=\"vc_empty_space\"   style=\"height: 22px\" ><span class=\"vc_empty_space_inner\"><\/span><\/div>\n\n\t<div class=\"wpb_text_column wpb_content_element\" >\n\t\t<div class=\"wpb_wrapper\">\n\t\t\t<p style=\"text-align: center;\">Child nutrition, like nutrition in general, requires special attention from the food service and product operator. At YVY Catering, we think about the daily care for each parent's little ones and the care for the family in general.<\/p>\n<p style=\"text-align: center;\">We thus provide you with a complete catering service for kindergartens and nurseries, on a contract basis, with the punctual supply of healthy food preparations and products, packaged, transported and prepared in the best hygienic and sanitary conditions for everyday food safety.<\/p>\n\n\t\t<\/div>\n\t<\/div>\n<\/div><\/div><\/div><\/div><div class=\"vc_row-full-width vc_clearfix\"><\/div><div data-vc-full-width=\"true\" data-vc-full-width-init=\"false\" class=\"vc_row wpb_row vc_row-fluid no-overlay vc_custom_1553084582132 vc_row-has-fill\" data-lang=\"English\"><div class=\"wpb_column vc_column_container vc_col-sm-12\"><div class=\"vc_column-inner\"><div class=\"wpb_wrapper\"><h2 style=\"font-size: 40px;color: #383848;line-height: 50px;text-align: center;font-family:Quicksand;font-weight:700;font-style:normal\" class=\"vc_custom_heading vc_custom_1553002550236\" >Contact us<\/h2><p style=\"font-size: 15px;color: #9a9a9a;line-height: 25px;text-align: center\" class=\"vc_custom_heading\" >Premium catering services for events. Catering contracts Constanta<\/p><div class=\"vc_row wpb_row vc_inner vc_row-fluid vc_custom_1553009078292\"><div class=\"wpb_column vc_column_container vc_col-sm-8\"><div class=\"vc_column-inner\"><div class=\"wpb_wrapper\"><h3 style=\"font-size: 20px;color: #383848;line-height: 30px;text-align: left;font-family:Quicksand;font-weight:700;font-style:normal\" class=\"vc_custom_heading vc_custom_1501558325639\" >Leave us a Message<\/h3><p style=\"font-size: 15px;color: #959394;line-height: 22px;text-align: left\" class=\"vc_custom_heading vc_custom_1554211666542\" >Leave a message and we will contact you. Together we will determine everything you are interested in.<\/p><div role=\"form\" class=\"wpcf7\" id=\"wpcf7-f4-o1\" lang=\"en-US\" dir=\"ltr\">\n<div class=\"screen-reader-response\" aria-live=\"polite\"><\/div>\n<form action=\"\/en\/wp-json\/wp\/v2\/pages\/2030#wpcf7-f4-o1\" method=\"post\" class=\"wpcf7-form\" novalidate=\"novalidate\" data-trp-original-action=\"\/en\/wp-json\/wp\/v2\/pages\/2030#wpcf7-f4-o1\">\n<div style=\"display: none;\">\n<input type=\"hidden\" name=\"_wpcf7\" value=\"4\" \/>\n<input type=\"hidden\" name=\"_wpcf7_version\" value=\"5.1.9\" \/>\n<input type=\"hidden\" name=\"_wpcf7_locale\" value=\"en_US\" \/>\n<input type=\"hidden\" name=\"_wpcf7_unit_tag\" value=\"wpcf7-f4-o1\" \/>\n<input type=\"hidden\" name=\"_wpcf7_container_post\" value=\"0\" \/>\n<input type=\"hidden\" name=\"g-recaptcha-response\" value=\"\" \/>\n<\/div>\n<div class=\"form-div\">\n<label>Name<\/label><br \/>\n<span class=\"wpcf7-form-control-wrap first-name\"><input type=\"text\" name=\"first-name\" value=\"\" size=\"40\" class=\"wpcf7-form-control wpcf7-text wpcf7-validates-as-required\" aria-required=\"true\" aria-invalid=\"false\" \/><\/span>\n<\/div>\n<div class=\"form-div\">\n<label>First name<\/label><br \/>\n<span class=\"wpcf7-form-control-wrap last-name\"><input type=\"text\" name=\"last-name\" value=\"\" size=\"40\" class=\"wpcf7-form-control wpcf7-text wpcf7-validates-as-required\" aria-required=\"true\" aria-invalid=\"false\" \/><\/span>\n<\/div>\n<div class=\"form-div\">\n<label>Email<\/label><br \/>\n<span class=\"wpcf7-form-control-wrap email\"><input type=\"text\" name=\"email\" value=\"\" size=\"40\" class=\"wpcf7-form-control wpcf7-text wpcf7-validates-as-required\" aria-required=\"true\" aria-invalid=\"false\" \/><\/span>\n<\/div>\n<div class=\"form-div\">\n<label>Phone number<\/label<br>\n<span class=\"wpcf7-form-control-wrap tel-483\"><input type=\"tel\" name=\"tel-483\" value=\"\" size=\"40\" class=\"wpcf7-form-control wpcf7-text wpcf7-tel wpcf7-validates-as-required wpcf7-validates-as-tel\" aria-required=\"true\" aria-invalid=\"false\" \/><\/span>\n<\/div>\n<div class=\"form-div\">\n<label>Subject<\/label><br \/>\n<span class=\"wpcf7-form-control-wrap subject\"><input type=\"text\" name=\"subject\" value=\"\" size=\"40\" class=\"wpcf7-form-control wpcf7-text wpcf7-validates-as-required\" aria-required=\"true\" aria-invalid=\"false\" \/><\/span>\n<\/div>\n<div class=\"form-fulldiv\">\n<label>Message<\/label><br \/>\n <span class=\"wpcf7-form-control-wrap your-message\"><textarea name=\"your-message\" cols=\"40\" rows=\"10\" class=\"wpcf7-form-control wpcf7-textarea\" aria-invalid=\"false\"><\/textarea><\/span>\n<\/div>\n<div class=\"form-fulldiv\">\n<input type=\"submit\" value=\"Send\" class=\"wpcf7-form-control wpcf7-submit\" \/>\n<\/div>\n<input type='hidden' class='wpcf7-pum' value='{\"closepopup\":false,\"closedelay\":0,\"openpopup\":false,\"openpopup_id\":0}' \/><div class=\"wpcf7-response-output wpcf7-display-none\" aria-hidden=\"true\"><\/div><input type=\"hidden\" name=\"trp-form-language\" value=\"en\"\/><\/form><\/div><\/div><\/div><\/div><div class=\"wpb_column vc_column_container vc_col-sm-4\"><div class=\"vc_column-inner\"><div class=\"wpb_wrapper\"><div class=\"vc_empty_space  visible-xs\"   style=\"height: 32px\" ><span class=\"vc_empty_space_inner\"><\/span><\/div>\n<h3 style=\"font-size: 20px;color: #e4b95b;line-height: 30px;text-align: left;font-family:Quicksand;font-weight:700;font-style:normal\" class=\"vc_custom_heading vc_custom_1553003213957\" >Our address<\/h3><p style=\"font-size: 15px;color: #20202f;line-height: 22px;text-align: left\" class=\"vc_custom_heading vc_custom_1553003262353\" >B dul Mamaia nr.284<br \/>\nConstan\u021ba, Rom\u00e2nia.<\/p><p style=\"font-size: 15px;color: #20202f;line-height: 22px;text-align: left\" class=\"vc_custom_heading vc_custom_1553003400456\" >office@yvycatering.ro<br \/>\ncomenzi@yvycatering.ro<\/p><h3 style=\"font-size: 20px;color: #20202f;line-height: 30px;text-align: left;font-family:Quicksand;font-weight:700;font-style:normal\" class=\"vc_custom_heading vc_custom_1553003450786\" >Program:<\/h3>\n\t<div class=\"wpb_raw_code wpb_content_element wpb_raw_html\" >\n\t\t<div class=\"wpb_wrapper\">\n\t\t\t<ul class=\"open-hours\"><li><span>Monday<\/span>08:00-18:00 PM<\/li>\n<li><span>Tuesday<\/span>08:00-18:00 PM<\/li>\n<li><span>Wednesday<\/span>08:00-18:00 PM<\/li>\n<li><span>Thursday<\/span>08:00-18:00 PM<\/li>\n<li><span>Friday<\/span>08:00-18:00 PM<\/li>\n<li><span>Saturday<\/span>08:00-18:00 PM<\/li>\n<li><span>Sunday<\/span>08:00-18:00 PM<\/li><\/ul>\n\t\t<\/div>\n\t<\/div>\n<\/div><\/div><\/div><\/div><\/div><\/div><\/div><\/div><div class=\"vc_row-full-width vc_clearfix\"><\/div><div data-vc-full-width=\"true\" data-vc-full-width-init=\"false\" data-vc-stretch-content=\"true\" class=\"vc_row wpb_row vc_row-fluid no-overlay vc_custom_1555500475894 vc_row-has-fill\" data-lang=\"English\"><div class=\"wpb_column vc_column_container vc_col-sm-12\"><div class=\"vc_column-inner\"><div class=\"wpb_wrapper\">\n\t<div class=\"wpb_text_column wpb_content_element\" >\n\t\t<div class=\"wpb_wrapper\">\n\t\t\t\n<div id=\"sb_instagram\"  class=\"sbi sbi_mob_col_1 sbi_tab_col_2 sbi_col_4 sbi_width_resp\" style=\"padding-bottom: 20px;width: 70%;\" data-feedid=\"*1\"  data-res=\"auto\" data-cols=\"4\" data-colsmobile=\"1\" data-colstablet=\"2\" data-num=\"4\" data-nummobile=\"\" data-item-padding=\"10\" data-shortcode-atts=\"{}\"  data-postid=\"2030\" data-locatornonce=\"f1514d13b8\" data-sbi-flags=\"favorLocal\">\n\t\n    <div id=\"sbi_images\"  style=\"gap: 20px;\">\n\t\t    <\/div>\n\n\t<div id=\"sbi_load\" >\n\n\t\n\t\t\t<span class=\"sbi_follow_btn\">\n        <a href=\"https:\/\/www.instagram.com\/17841407162269717\/\" target=\"_blank\" rel=\"nofollow noopener\">\n            <svg class=\"svg-inline--fa fa-instagram fa-w-14\" aria-hidden=\"true\" data-fa-processed=\"\" aria-label=\"Instagram\" data-prefix=\"fab\" data-icon=\"instagram\" role=\"img\" viewbox=\"0 0 448 512\">\n\t                <path fill=\"currentColor\" d=\"M224.1 141c-63.6 0-114.9 51.3-114.9 114.9s51.3 114.9 114.9 114.9S339 319.5 339 255.9 287.7 141 224.1 141zm0 189.6c-41.1 0-74.7-33.5-74.7-74.7s33.5-74.7 74.7-74.7 74.7 33.5 74.7 74.7-33.6 74.7-74.7 74.7zm146.4-194.3c0 14.9-12 26.8-26.8 26.8-14.9 0-26.8-12-26.8-26.8s12-26.8 26.8-26.8 26.8 12 26.8 26.8zm76.1 27.2c-1.7-35.9-9.9-67.7-36.2-93.9-26.2-26.2-58-34.4-93.9-36.2-37-2.1-147.9-2.1-184.9 0-35.8 1.7-67.6 9.9-93.9 36.1s-34.4 58-36.2 93.9c-2.1 37-2.1 147.9 0 184.9 1.7 35.9 9.9 67.7 36.2 93.9s58 34.4 93.9 36.2c37 2.1 147.9 2.1 184.9 0 35.9-1.7 67.7-9.9 93.9-36.2 26.2-26.2 34.4-58 36.2-93.9 2.1-37 2.1-147.8 0-184.8zM398.8 388c-7.8 19.6-22.9 34.7-42.6 42.6-29.5 11.7-99.5 9-132.1 9s-102.7 2.6-132.1-9c-19.6-7.8-34.7-22.9-42.6-42.6-11.7-29.5-9-99.5-9-132.1s-2.6-102.7 9-132.1c7.8-19.6 22.9-34.7 42.6-42.6 29.5-11.7 99.5-9 132.1-9s102.7-2.6 132.1 9c19.6 7.8 34.7 22.9 42.6 42.6 11.7 29.5 9 99.5 9 132.1s2.7 102.7-9 132.1z\"><\/path>\n\t            <\/svg>            <span>Urmareste-ne pe Instagram<\/span>\n        <\/a>\n    <\/span>\n\t\n<\/div>\n\n\t    <span class=\"sbi_resized_image_data\" data-feed-id=\"*1\" data-resized=\"[]\">\n\t<\/span>\n\t<\/div>\n\n\n\n\t\t<\/div>\n\t<\/div>\n<\/div><\/div><\/div><\/div><div class=\"vc_row-full-width vc_clearfix\"><\/div>","protected":false},"excerpt":{"rendered":"CATERING CONSTANTAMENIURI GR\u0102DINI\u021aE Meniu Gr\u0103di I MIC DEJUN Fulgi de granola 40g,iaurt de vaca 130g; Gustare: Fructe proaspete \u0219i migdale crude 50\/20g; PRANZ Bor\u0219 de peri\u0219oare de vi\u021bel 320ml,frig\u0103rui de pui 80g cu orez basmati 120g. Gustare:Chec cu vanilie 50g Meniu Gr\u0103di II Mic Dejun Omlet\u0103 \u021b\u0103r\u0103neasca(ou, legume proaspete, lapte)80g, p\u00e2ine integral\u0103, ceai 200ml. Gustare: [...]","protected":false},"author":1,"featured_media":0,"parent":0,"menu_order":0,"comment_status":"closed","ping_status":"closed","template":"","meta":{"footnotes":""},"class_list":["post-2030","page","type-page","status-publish","hentry"],"acf":[],"_links":{"self":[{"href":"https:\/\/yvycatering.ro\/en\/wp-json\/wp\/v2\/pages\/2030","targetHints":{"allow":["GET"]}}],"collection":[{"href":"https:\/\/yvycatering.ro\/en\/wp-json\/wp\/v2\/pages"}],"about":[{"href":"https:\/\/yvycatering.ro\/en\/wp-json\/wp\/v2\/types\/page"}],"author":[{"embeddable":true,"href":"https:\/\/yvycatering.ro\/en\/wp-json\/wp\/v2\/users\/1"}],"replies":[{"embeddable":true,"href":"https:\/\/yvycatering.ro\/en\/wp-json\/wp\/v2\/comments?post=2030"}],"version-history":[{"count":0,"href":"https:\/\/yvycatering.ro\/en\/wp-json\/wp\/v2\/pages\/2030\/revisions"}],"wp:attachment":[{"href":"https:\/\/yvycatering.ro\/en\/wp-json\/wp\/v2\/media?parent=2030"}],"curies":[{"name":"wp","href":"https:\/\/api.w.org\/{rel}","templated":true}]}}