{"id":2028,"date":"2019-03-20T12:26:22","date_gmt":"2019-03-20T12:26:22","guid":{"rendered":"http:\/\/yvycatering.ro\/?page_id=2028"},"modified":"2019-04-17T12:28:33","modified_gmt":"2019-04-17T12:28:33","slug":"office-catering","status":"publish","type":"page","link":"https:\/\/yvycatering.ro\/en\/office-catering\/","title":{"rendered":"OFFICE CATERING"},"content":{"rendered":"<div class=\"vc_row wpb_row vc_row-fluid no-overlay vc_custom_1500091184163\" data-lang=\"English\"><div class=\"wpb_column vc_column_container vc_col-sm-6 vc_col-lg-5 vc_col-md-5\"><div class=\"vc_column-inner vc_custom_1500091120806\"><div class=\"wpb_wrapper\"><h5 style=\"font-size: 15px;color: #9a9a9a;line-height: 20px;text-align: left\" class=\"vc_custom_heading vc_custom_1555487329197\" >CATERING CONSTANTA<\/h5><h3 style=\"font-size: 40px;color: #20202f;line-height: 60px;text-align: left\" class=\"vc_custom_heading vc_custom_1555491243090\" >MENUS <strong>OFFICE<\/strong><\/h3><div class=\"vc_empty_space  visible-xs\"   style=\"height: 40px\" ><span class=\"vc_empty_space_inner\"><\/span><\/div>\n<div class=\"vc_tta-container\" data-vc-action=\"collapseAll\"><div class=\"vc_general vc_tta vc_tta-accordion vc_tta-color-grey vc_tta-style-classic vc_tta-shape-rounded vc_tta-o-shape-group vc_tta-controls-align-left vc_tta-o-all-clickable\"><div class=\"vc_tta-panels-container\"><div class=\"vc_tta-panels\"><div class=\"vc_tta-panel\" id=\"1555487414584-2952fb51-93be4a8a-df26\" data-vc-content=\".vc_tta-panel-body\"><div class=\"vc_tta-panel-heading\"><h4 class=\"vc_tta-panel-title vc_tta-controls-icon-position-left\"><a href=\"#1555487414584-2952fb51-93be4a8a-df26\" data-vc-accordion data-vc-container=\".vc_tta-container\"><span class=\"vc_tta-title-text\">Menu YvY Office I<\/span><i class=\"vc_tta-controls-icon vc_tta-controls-icon-plus\"><\/i><\/a><\/h4><\/div><div class=\"vc_tta-panel-body\">\n\t<div class=\"wpb_text_column wpb_content_element\" >\n\t\t<div class=\"wpb_wrapper\">\n\t\t\t<p style=\"color: #720e0e; text-align: left;\"><em><strong>Russian sour soup<\/strong><\/em><\/p>\n<p style=\"color: #720e0e; text-align: left;\"><em><strong>Chicken brine stew with polenta<\/strong><\/em><\/p>\n<p style=\"color: #720e0e; text-align: left;\"><em><strong>Bread roll, cutlery and napkin<\/strong><\/em><\/p>\n\n\t\t<\/div>\n\t<\/div>\n<\/div><\/div><div class=\"vc_tta-panel\" id=\"1555487414635-aa636eb6-71e24a8a-df26\" data-vc-content=\".vc_tta-panel-body\"><div class=\"vc_tta-panel-heading\"><h4 class=\"vc_tta-panel-title vc_tta-controls-icon-position-left\"><a href=\"#1555487414635-aa636eb6-71e24a8a-df26\" data-vc-accordion data-vc-container=\".vc_tta-container\"><span class=\"vc_tta-title-text\">Menu YvY Office II<\/span><i class=\"vc_tta-controls-icon vc_tta-controls-icon-plus\"><\/i><\/a><\/h4><\/div><div class=\"vc_tta-panel-body\">\n\t<div class=\"wpb_text_column wpb_content_element\" >\n\t\t<div class=\"wpb_wrapper\">\n\t\t\t<p style=\"color: #720e0e; text-align: left;\"><em><strong>Romanian meatball soup<\/strong><\/em><\/p>\n<p style=\"color: #720e0e; text-align: left;\"><em><strong>Oven-baked chicken with olives and tomatoes, served with mashed potatoes<\/strong><\/em><\/p>\n<p style=\"color: #720e0e; text-align: left;\"><em><strong>Bread roll, cutlery and napkin<\/strong><\/em><\/p>\n\n\t\t<\/div>\n\t<\/div>\n<\/div><\/div><div class=\"vc_tta-panel\" id=\"1555487539186-e24d1487-9de94a8a-df26\" data-vc-content=\".vc_tta-panel-body\"><div class=\"vc_tta-panel-heading\"><h4 class=\"vc_tta-panel-title vc_tta-controls-icon-position-left\"><a href=\"#1555487539186-e24d1487-9de94a8a-df26\" data-vc-accordion data-vc-container=\".vc_tta-container\"><span class=\"vc_tta-title-text\">Menu YvY Office III<\/span><i class=\"vc_tta-controls-icon vc_tta-controls-icon-plus\"><\/i><\/a><\/h4><\/div><div class=\"vc_tta-panel-body\">\n\t<div class=\"wpb_text_column wpb_content_element\" >\n\t\t<div class=\"wpb_wrapper\">\n\t\t\t<p style=\"color: #720e0e; text-align: left;\"><em><strong>Smoked pork sour soup<\/strong><\/em><\/p>\n<p style=\"color: #720e0e; text-align: left;\"><em><strong>Pork tenderloin with Chinese vegetables<\/strong><\/em><\/p>\n<p style=\"color: #720e0e; text-align: left;\"><em><strong>Cabbage salad, bread roll, cutlery and napkin<\/strong><\/em><\/p>\n\n\t\t<\/div>\n\t<\/div>\n<\/div><\/div><div class=\"vc_tta-panel\" id=\"1555491132658-4a2745c0-6105\" data-vc-content=\".vc_tta-panel-body\"><div class=\"vc_tta-panel-heading\"><h4 class=\"vc_tta-panel-title vc_tta-controls-icon-position-left\"><a href=\"#1555491132658-4a2745c0-6105\" data-vc-accordion data-vc-container=\".vc_tta-container\"><span class=\"vc_tta-title-text\">Menu YvY Office IV<\/span><i class=\"vc_tta-controls-icon vc_tta-controls-icon-plus\"><\/i><\/a><\/h4><\/div><div class=\"vc_tta-panel-body\">\n\t<div class=\"wpb_text_column wpb_content_element\" >\n\t\t<div class=\"wpb_wrapper\">\n\t\t\t<p style=\"color: #720e0e; text-align: left;\"><em><strong>Vegetable cream soup<\/strong><\/em><\/p>\n<p style=\"color: #720e0e; text-align: left;\"><em><strong>Breaded cheese with French fries<\/strong><\/em><\/p>\n<p style=\"color: #720e0e; text-align: left;\"><em><strong>Cabbage salad, bread roll, cutlery and napkin<\/strong><\/em><\/p>\n<p style=\"color: #720e0e; text-align: left;\"><em><strong>\u00a0<\/strong><\/em><\/p>\n\n\t\t<\/div>\n\t<\/div>\n<\/div><\/div><\/div><\/div><\/div><\/div><\/div><\/div><\/div><div class=\"wpb_column vc_column_container vc_col-sm-6 vc_col-lg-7 vc_col-md-7\"><div class=\"vc_column-inner\"><div class=\"wpb_wrapper\">\n\t<div  class=\"wpb_single_image wpb_content_element vc_align_right\">\n\t\t\n\t\t<figure class=\"wpb_wrapper vc_figure\">\n\t\t\t<div class=\"vc_single_image-wrapper vc_box_shadow_border  vc_box_border_grey\"><img decoding=\"async\" width=\"900\" height=\"600\" src=\"https:\/\/yvycatering.ro\/wp-content\/uploads\/2019\/04\/catering-constanta-yvy212.png\" class=\"vc_single_image-img attachment-full\" alt=\"\" srcset=\"https:\/\/yvycatering.ro\/wp-content\/uploads\/2019\/04\/catering-constanta-yvy212.png 900w, https:\/\/yvycatering.ro\/wp-content\/uploads\/2019\/04\/catering-constanta-yvy212-600x400.png 600w, https:\/\/yvycatering.ro\/wp-content\/uploads\/2019\/04\/catering-constanta-yvy212-300x200.png 300w, https:\/\/yvycatering.ro\/wp-content\/uploads\/2019\/04\/catering-constanta-yvy212-768x512.png 768w, https:\/\/yvycatering.ro\/wp-content\/uploads\/2019\/04\/catering-constanta-yvy212-624x416.png 624w\" sizes=\"(max-width: 900px) 100vw, 900px\" \/><\/div>\n\t\t<\/figure>\n\t<\/div>\n<\/div><\/div><\/div><\/div><div data-vc-full-width=\"true\" data-vc-full-width-init=\"false\" class=\"vc_row wpb_row vc_row-fluid no-overlay vc_custom_1554370622674 vc_row-has-fill\" data-lang=\"English\"><div class=\"wpb_column vc_column_container vc_col-sm-12\"><div class=\"vc_column-inner\"><div class=\"wpb_wrapper\"><h2 style=\"font-size: 40px;color: #ffffff;line-height: 50px;text-align: center;font-family:Quicksand;font-weight:700;font-style:normal\" class=\"vc_custom_heading vc_custom_1554293784269\" >OFFICE CATERING<\/h2><p style=\"font-size: 15px;color: #b9b7b2;line-height: 25px;text-align: center\" class=\"vc_custom_heading\" >Constanta<\/p><div class=\"vc_empty_space\"   style=\"height: 22px\" ><span class=\"vc_empty_space_inner\"><\/span><\/div>\n\n\t<div class=\"wpb_text_column wpb_content_element\" >\n\t\t<div class=\"wpb_wrapper\">\n\t\t\t<p style=\"text-align: center;\"><a href=\"http:\/\/yvycatering.ro\/en\/\">YVY Catering<\/a> offers a complete catering service on a contract basis for companies or institutions, for large or small groups alike - minimum 10 people.<\/p>\n<p style=\"text-align: center;\">The time allocated to professional activities is quantified by productivity. It is more convenient and practical to have lunch with your colleagues at the office and we support you in this regard with offers and variations of menus and platters that satisfy the requirements of an office team.<\/p>\n<p style=\"text-align: center;\">Order our daily meals with confidence and ensure that you receive sufficient, fresh and tasty food at work, for greater comfort and better health.<\/p>\n\n\t\t<\/div>\n\t<\/div>\n<\/div><\/div><\/div><\/div><div class=\"vc_row-full-width vc_clearfix\"><\/div><div data-vc-full-width=\"true\" data-vc-full-width-init=\"false\" class=\"vc_row wpb_row vc_row-fluid no-overlay vc_custom_1553084582132 vc_row-has-fill\" data-lang=\"English\"><div class=\"wpb_column vc_column_container vc_col-sm-12\"><div class=\"vc_column-inner\"><div class=\"wpb_wrapper\"><h2 style=\"font-size: 40px;color: #383848;line-height: 50px;text-align: center;font-family:Quicksand;font-weight:700;font-style:normal\" class=\"vc_custom_heading vc_custom_1553002550236\" >Contact us<\/h2><p style=\"font-size: 15px;color: #9a9a9a;line-height: 25px;text-align: center\" class=\"vc_custom_heading\" >Premium catering services for events. Catering contracts Constanta<\/p><div class=\"vc_row wpb_row vc_inner vc_row-fluid vc_custom_1553009078292\"><div class=\"wpb_column vc_column_container vc_col-sm-8\"><div class=\"vc_column-inner\"><div class=\"wpb_wrapper\"><h3 style=\"font-size: 20px;color: #383848;line-height: 30px;text-align: left;font-family:Quicksand;font-weight:700;font-style:normal\" class=\"vc_custom_heading vc_custom_1554376784527\" >Contact Us<\/h3><p style=\"font-size: 15px;color: #959394;line-height: 22px;text-align: left\" class=\"vc_custom_heading vc_custom_1554211643177\" >Leave a message and we will contact you. Together we will determine everything you are interested in.<\/p><div role=\"form\" class=\"wpcf7\" id=\"wpcf7-f4-o1\" lang=\"en-US\" dir=\"ltr\">\n<div class=\"screen-reader-response\" aria-live=\"polite\"><\/div>\n<form action=\"\/en\/wp-json\/wp\/v2\/pages\/2028#wpcf7-f4-o1\" method=\"post\" class=\"wpcf7-form\" novalidate=\"novalidate\" data-trp-original-action=\"\/en\/wp-json\/wp\/v2\/pages\/2028#wpcf7-f4-o1\">\n<div style=\"display: none;\">\n<input type=\"hidden\" name=\"_wpcf7\" value=\"4\" \/>\n<input type=\"hidden\" name=\"_wpcf7_version\" value=\"5.1.9\" \/>\n<input type=\"hidden\" name=\"_wpcf7_locale\" value=\"en_US\" \/>\n<input type=\"hidden\" name=\"_wpcf7_unit_tag\" value=\"wpcf7-f4-o1\" \/>\n<input type=\"hidden\" name=\"_wpcf7_container_post\" value=\"0\" \/>\n<input type=\"hidden\" name=\"g-recaptcha-response\" value=\"\" \/>\n<\/div>\n<div class=\"form-div\">\n<label>Name<\/label><br \/>\n<span class=\"wpcf7-form-control-wrap first-name\"><input type=\"text\" name=\"first-name\" value=\"\" size=\"40\" class=\"wpcf7-form-control wpcf7-text wpcf7-validates-as-required\" aria-required=\"true\" aria-invalid=\"false\" \/><\/span>\n<\/div>\n<div class=\"form-div\">\n<label>First name<\/label><br \/>\n<span class=\"wpcf7-form-control-wrap last-name\"><input type=\"text\" name=\"last-name\" value=\"\" size=\"40\" class=\"wpcf7-form-control wpcf7-text wpcf7-validates-as-required\" aria-required=\"true\" aria-invalid=\"false\" \/><\/span>\n<\/div>\n<div class=\"form-div\">\n<label>Email<\/label><br \/>\n<span class=\"wpcf7-form-control-wrap email\"><input type=\"text\" name=\"email\" value=\"\" size=\"40\" class=\"wpcf7-form-control wpcf7-text wpcf7-validates-as-required\" aria-required=\"true\" aria-invalid=\"false\" \/><\/span>\n<\/div>\n<div class=\"form-div\">\n<label>Phone number<\/label<br>\n<span class=\"wpcf7-form-control-wrap tel-483\"><input type=\"tel\" name=\"tel-483\" value=\"\" size=\"40\" class=\"wpcf7-form-control wpcf7-text wpcf7-tel wpcf7-validates-as-required wpcf7-validates-as-tel\" aria-required=\"true\" aria-invalid=\"false\" \/><\/span>\n<\/div>\n<div class=\"form-div\">\n<label>Subject<\/label><br \/>\n<span class=\"wpcf7-form-control-wrap subject\"><input type=\"text\" name=\"subject\" value=\"\" size=\"40\" class=\"wpcf7-form-control wpcf7-text wpcf7-validates-as-required\" aria-required=\"true\" aria-invalid=\"false\" \/><\/span>\n<\/div>\n<div class=\"form-fulldiv\">\n<label>Message<\/label><br \/>\n <span class=\"wpcf7-form-control-wrap your-message\"><textarea name=\"your-message\" cols=\"40\" rows=\"10\" class=\"wpcf7-form-control wpcf7-textarea\" aria-invalid=\"false\"><\/textarea><\/span>\n<\/div>\n<div class=\"form-fulldiv\">\n<input type=\"submit\" value=\"Send\" class=\"wpcf7-form-control wpcf7-submit\" \/>\n<\/div>\n<input type='hidden' class='wpcf7-pum' value='{\"closepopup\":false,\"closedelay\":0,\"openpopup\":false,\"openpopup_id\":0}' \/><div class=\"wpcf7-response-output wpcf7-display-none\" aria-hidden=\"true\"><\/div><input type=\"hidden\" name=\"trp-form-language\" value=\"en\"\/><\/form><\/div><\/div><\/div><\/div><div class=\"wpb_column vc_column_container vc_col-sm-4\"><div class=\"vc_column-inner\"><div class=\"wpb_wrapper\"><div class=\"vc_empty_space  visible-xs\"   style=\"height: 32px\" ><span class=\"vc_empty_space_inner\"><\/span><\/div>\n<h3 style=\"font-size: 20px;color: #e4b95b;line-height: 30px;text-align: left;font-family:Quicksand;font-weight:700;font-style:normal\" class=\"vc_custom_heading vc_custom_1553003213957\" >Our address<\/h3><p style=\"font-size: 15px;color: #20202f;line-height: 22px;text-align: left\" class=\"vc_custom_heading vc_custom_1553003262353\" >B dul Mamaia nr.284<br \/>\nConstan\u021ba, Rom\u00e2nia.<\/p><p style=\"font-size: 15px;color: #20202f;line-height: 22px;text-align: left\" class=\"vc_custom_heading vc_custom_1553003400456\" >office@yvycatering.ro<br \/>\ncomenzi@yvycatering.ro<\/p><h3 style=\"font-size: 20px;color: #20202f;line-height: 30px;text-align: left;font-family:Quicksand;font-weight:700;font-style:normal\" class=\"vc_custom_heading vc_custom_1553003450786\" >Program:<\/h3>\n\t<div class=\"wpb_raw_code wpb_content_element wpb_raw_html\" >\n\t\t<div class=\"wpb_wrapper\">\n\t\t\t<ul class=\"open-hours\"><li><span>Monday<\/span>08:00-18:00 PM<\/li>\n<li><span>Tuesday<\/span>08:00-18:00 PM<\/li>\n<li><span>Wednesday<\/span>08:00-18:00 PM<\/li>\n<li><span>Thursday<\/span>08:00-18:00 PM<\/li>\n<li><span>Friday<\/span>08:00-18:00 PM<\/li>\n<li><span>Saturday<\/span>08:00-18:00 PM<\/li>\n<li><span>Sunday<\/span>08:00-18:00 PM<\/li><\/ul>\n\t\t<\/div>\n\t<\/div>\n<\/div><\/div><\/div><\/div><\/div><\/div><\/div><\/div><div class=\"vc_row-full-width vc_clearfix\"><\/div><div data-vc-full-width=\"true\" data-vc-full-width-init=\"false\" data-vc-stretch-content=\"true\" class=\"vc_row wpb_row vc_row-fluid no-overlay vc_custom_1499251624484 vc_row-has-fill\" data-lang=\"English\"><div class=\"wpb_column vc_column_container vc_col-sm-12\"><div class=\"vc_column-inner\"><div class=\"wpb_wrapper\">\n\t<div class=\"wpb_text_column wpb_content_element\" >\n\t\t<div class=\"wpb_wrapper\">\n\t\t\t\n<div id=\"sb_instagram\"  class=\"sbi sbi_mob_col_1 sbi_tab_col_2 sbi_col_4 sbi_width_resp\" style=\"padding-bottom: 20px;width: 70%;\" data-feedid=\"*1\"  data-res=\"auto\" data-cols=\"4\" data-colsmobile=\"1\" data-colstablet=\"2\" data-num=\"4\" data-nummobile=\"\" data-item-padding=\"10\" data-shortcode-atts=\"{}\"  data-postid=\"2028\" data-locatornonce=\"17321e7741\" data-sbi-flags=\"favorLocal\">\n\t\n    <div id=\"sbi_images\"  style=\"gap: 20px;\">\n\t\t    <\/div>\n\n\t<div id=\"sbi_load\" >\n\n\t\n\t\t\t<span class=\"sbi_follow_btn\">\n        <a href=\"https:\/\/www.instagram.com\/17841407162269717\/\" target=\"_blank\" rel=\"nofollow noopener\">\n            <svg class=\"svg-inline--fa fa-instagram fa-w-14\" aria-hidden=\"true\" data-fa-processed=\"\" aria-label=\"Instagram\" data-prefix=\"fab\" data-icon=\"instagram\" role=\"img\" viewbox=\"0 0 448 512\">\n\t                <path fill=\"currentColor\" d=\"M224.1 141c-63.6 0-114.9 51.3-114.9 114.9s51.3 114.9 114.9 114.9S339 319.5 339 255.9 287.7 141 224.1 141zm0 189.6c-41.1 0-74.7-33.5-74.7-74.7s33.5-74.7 74.7-74.7 74.7 33.5 74.7 74.7-33.6 74.7-74.7 74.7zm146.4-194.3c0 14.9-12 26.8-26.8 26.8-14.9 0-26.8-12-26.8-26.8s12-26.8 26.8-26.8 26.8 12 26.8 26.8zm76.1 27.2c-1.7-35.9-9.9-67.7-36.2-93.9-26.2-26.2-58-34.4-93.9-36.2-37-2.1-147.9-2.1-184.9 0-35.8 1.7-67.6 9.9-93.9 36.1s-34.4 58-36.2 93.9c-2.1 37-2.1 147.9 0 184.9 1.7 35.9 9.9 67.7 36.2 93.9s58 34.4 93.9 36.2c37 2.1 147.9 2.1 184.9 0 35.9-1.7 67.7-9.9 93.9-36.2 26.2-26.2 34.4-58 36.2-93.9 2.1-37 2.1-147.8 0-184.8zM398.8 388c-7.8 19.6-22.9 34.7-42.6 42.6-29.5 11.7-99.5 9-132.1 9s-102.7 2.6-132.1-9c-19.6-7.8-34.7-22.9-42.6-42.6-11.7-29.5-9-99.5-9-132.1s-2.6-102.7 9-132.1c7.8-19.6 22.9-34.7 42.6-42.6 29.5-11.7 99.5-9 132.1-9s102.7-2.6 132.1 9c19.6 7.8 34.7 22.9 42.6 42.6 11.7 29.5 9 99.5 9 132.1s2.7 102.7-9 132.1z\"><\/path>\n\t            <\/svg>            <span>Urmareste-ne pe Instagram<\/span>\n        <\/a>\n    <\/span>\n\t\n<\/div>\n\n\t    <span class=\"sbi_resized_image_data\" data-feed-id=\"*1\" data-resized=\"[]\">\n\t<\/span>\n\t<\/div>\n\n\n\n\t\t<\/div>\n\t<\/div>\n<\/div><\/div><\/div><\/div><div class=\"vc_row-full-width vc_clearfix\"><\/div>","protected":false},"excerpt":{"rendered":"CATERING CONSTANTAMENIURI OFFICE Meniu YvY Office I Ciorba ruseasca; Saramura de pui cu m\u0103m\u0103liga; Chifla, tac\u00e2m \u0219i \u0219erve\u021bel. Meniu YvY Office II Ciorba de perisoare; Pui la cuptor cu masline si rosii cu piure din cartofi; Chifla, tac\u00e2m \u0219i \u0219erve\u021bel . Meniu YvY Office III Ciorba cu afum\u0103tura; Mu\u0219chi de porc cu legume chineze\u0219ti; Salata [...]","protected":false},"author":1,"featured_media":0,"parent":0,"menu_order":0,"comment_status":"closed","ping_status":"closed","template":"","meta":{"footnotes":""},"class_list":["post-2028","page","type-page","status-publish","hentry"],"acf":[],"_links":{"self":[{"href":"https:\/\/yvycatering.ro\/en\/wp-json\/wp\/v2\/pages\/2028","targetHints":{"allow":["GET"]}}],"collection":[{"href":"https:\/\/yvycatering.ro\/en\/wp-json\/wp\/v2\/pages"}],"about":[{"href":"https:\/\/yvycatering.ro\/en\/wp-json\/wp\/v2\/types\/page"}],"author":[{"embeddable":true,"href":"https:\/\/yvycatering.ro\/en\/wp-json\/wp\/v2\/users\/1"}],"replies":[{"embeddable":true,"href":"https:\/\/yvycatering.ro\/en\/wp-json\/wp\/v2\/comments?post=2028"}],"version-history":[{"count":0,"href":"https:\/\/yvycatering.ro\/en\/wp-json\/wp\/v2\/pages\/2028\/revisions"}],"wp:attachment":[{"href":"https:\/\/yvycatering.ro\/en\/wp-json\/wp\/v2\/media?parent=2028"}],"curies":[{"name":"wp","href":"https:\/\/api.w.org\/{rel}","templated":true}]}}