{"id":1991,"date":"2019-03-20T09:00:49","date_gmt":"2019-03-20T09:00:49","guid":{"rendered":"http:\/\/yvycatering.ro\/?page_id=1991"},"modified":"2024-12-23T13:03:07","modified_gmt":"2024-12-23T11:03:07","slug":"catering-nunta","status":"publish","type":"page","link":"https:\/\/yvycatering.ro\/en\/catering-nunta\/","title":{"rendered":"WEDDING CATERING"},"content":{"rendered":"<section class=\"vc_section\"><div class=\"vc_row wpb_row vc_row-fluid no-overlay\" data-lang=\"English\"><div class=\"wpb_column vc_column_container vc_col-sm-12\"><div class=\"vc_column-inner\"><div class=\"wpb_wrapper\"><h5 style=\"font-size: 15px;color: #9a9a9a;line-height: 20px;text-align: center\" class=\"vc_custom_heading vc_custom_1556025910470\" >CATERING CONSTANTA<\/h5><h3 style=\"font-size: 40px;color: #20202f;line-height: 60px;text-align: center\" class=\"vc_custom_heading vc_custom_1653553306631\" >MENUS ARE TEMPORARILY <strong>UNDER CONSTRUCTION<\/strong><\/h3><div class=\"vc_empty_space  visible-xs\"   style=\"height: 40px\" ><span class=\"vc_empty_space_inner\"><\/span><\/div>\n<div class=\"vc_empty_space  visible-xs\"   style=\"height: 60px\" ><span class=\"vc_empty_space_inner\"><\/span><\/div>\n<\/div><\/div><\/div><\/div><\/section><div data-vc-full-width=\"true\" data-vc-full-width-init=\"false\" class=\"vc_row wpb_row vc_row-fluid no-overlay vc_custom_1554370211284 vc_row-has-fill\" data-lang=\"English\"><div class=\"wpb_column vc_column_container vc_col-sm-12\"><div class=\"vc_column-inner\"><div class=\"wpb_wrapper\"><h2 style=\"font-size: 40px;color: #ffffff;line-height: 50px;text-align: center;font-family:Quicksand;font-weight:700;font-style:normal\" class=\"vc_custom_heading vc_custom_1553689830432\" >Wedding Catering<\/h2><p style=\"font-size: 15px;color: #b9b7b2;line-height: 25px;text-align: center\" class=\"vc_custom_heading\" >Constanta<\/p><div class=\"vc_empty_space\"   style=\"height: 40px\" ><span class=\"vc_empty_space_inner\"><\/span><\/div>\n\n\t<div class=\"wpb_text_column wpb_content_element\" >\n\t\t<div class=\"wpb_wrapper\">\n\t\t\t<p style=\"text-align: center\">A wedding is also one of the most important family events and at the same time a demanding event that raises many organizational issues, and the menu must be as good and satisfying as possible for the guests.<\/p>\n<p style=\"text-align: center\">For us, the wedding represents not only a challenge but also a special opportunity to demonstrate our qualities as a reliable supplier for the clients we want to fully satisfy with flavor and fine dishes.<\/p>\n<p style=\"text-align: center\">YVY Catering can prepare your desired menus and dishes according to the requirements and standards of the venue and the event, so that you can make a \"good home\"<\/p>\n\n\t\t<\/div>\n\t<\/div>\n<\/div><\/div><\/div><\/div><div class=\"vc_row-full-width vc_clearfix\"><\/div><div data-vc-full-width=\"true\" data-vc-full-width-init=\"false\" class=\"vc_row wpb_row vc_row-fluid no-overlay vc_custom_1556026338942 vc_row-has-fill\" data-lang=\"English\"><div class=\"wpb_column vc_column_container vc_col-sm-12\"><div class=\"vc_column-inner\"><div class=\"wpb_wrapper\"><h2 style=\"font-size: 40px;color: #383848;line-height: 50px;text-align: center;font-family:Quicksand;font-weight:700;font-style:normal\" class=\"vc_custom_heading vc_custom_1553002550236\" >Contact us<\/h2><p style=\"font-size: 15px;color: #9a9a9a;line-height: 25px;text-align: center\" class=\"vc_custom_heading\" >Premium catering services for events. Catering contracts Constanta<\/p><div class=\"vc_row wpb_row vc_inner vc_row-fluid vc_custom_1553009078292\"><div class=\"wpb_column vc_column_container vc_col-sm-8\"><div class=\"vc_column-inner\"><div class=\"wpb_wrapper\"><h3 style=\"font-size: 20px;color: #383848;line-height: 30px;text-align: left;font-family:Quicksand;font-weight:700;font-style:normal\" class=\"vc_custom_heading vc_custom_1554376773594\" >Contact Us<\/h3><p style=\"font-size: 15px;color: #959394;line-height: 22px;text-align: left\" class=\"vc_custom_heading vc_custom_1554211493169\" >Leave a message and we will contact you. Together we will determine everything you are interested in.<\/p><div role=\"form\" class=\"wpcf7\" id=\"wpcf7-f4-o1\" lang=\"en-US\" dir=\"ltr\">\n<div class=\"screen-reader-response\" aria-live=\"polite\"><\/div>\n<form action=\"\/en\/wp-json\/wp\/v2\/pages\/1991#wpcf7-f4-o1\" method=\"post\" class=\"wpcf7-form\" novalidate=\"novalidate\" data-trp-original-action=\"\/en\/wp-json\/wp\/v2\/pages\/1991#wpcf7-f4-o1\">\n<div style=\"display: none;\">\n<input type=\"hidden\" name=\"_wpcf7\" value=\"4\" \/>\n<input type=\"hidden\" name=\"_wpcf7_version\" value=\"5.1.9\" \/>\n<input type=\"hidden\" name=\"_wpcf7_locale\" value=\"en_US\" \/>\n<input type=\"hidden\" name=\"_wpcf7_unit_tag\" value=\"wpcf7-f4-o1\" \/>\n<input type=\"hidden\" name=\"_wpcf7_container_post\" value=\"0\" \/>\n<input type=\"hidden\" name=\"g-recaptcha-response\" value=\"\" \/>\n<\/div>\n<div class=\"form-div\">\n<label>Name<\/label><br \/>\n<span class=\"wpcf7-form-control-wrap first-name\"><input type=\"text\" name=\"first-name\" value=\"\" size=\"40\" class=\"wpcf7-form-control wpcf7-text wpcf7-validates-as-required\" aria-required=\"true\" aria-invalid=\"false\" \/><\/span>\n<\/div>\n<div class=\"form-div\">\n<label>First name<\/label><br \/>\n<span class=\"wpcf7-form-control-wrap last-name\"><input type=\"text\" name=\"last-name\" value=\"\" size=\"40\" class=\"wpcf7-form-control wpcf7-text wpcf7-validates-as-required\" aria-required=\"true\" aria-invalid=\"false\" \/><\/span>\n<\/div>\n<div class=\"form-div\">\n<label>Email<\/label><br \/>\n<span class=\"wpcf7-form-control-wrap email\"><input type=\"text\" name=\"email\" value=\"\" size=\"40\" class=\"wpcf7-form-control wpcf7-text wpcf7-validates-as-required\" aria-required=\"true\" aria-invalid=\"false\" \/><\/span>\n<\/div>\n<div class=\"form-div\">\n<label>Phone number<\/label<br>\n<span class=\"wpcf7-form-control-wrap tel-483\"><input type=\"tel\" name=\"tel-483\" value=\"\" size=\"40\" class=\"wpcf7-form-control wpcf7-text wpcf7-tel wpcf7-validates-as-required wpcf7-validates-as-tel\" aria-required=\"true\" aria-invalid=\"false\" \/><\/span>\n<\/div>\n<div class=\"form-div\">\n<label>Subject<\/label><br \/>\n<span class=\"wpcf7-form-control-wrap subject\"><input type=\"text\" name=\"subject\" value=\"\" size=\"40\" class=\"wpcf7-form-control wpcf7-text wpcf7-validates-as-required\" aria-required=\"true\" aria-invalid=\"false\" \/><\/span>\n<\/div>\n<div class=\"form-fulldiv\">\n<label>Message<\/label><br \/>\n <span class=\"wpcf7-form-control-wrap your-message\"><textarea name=\"your-message\" cols=\"40\" rows=\"10\" class=\"wpcf7-form-control wpcf7-textarea\" aria-invalid=\"false\"><\/textarea><\/span>\n<\/div>\n<div class=\"form-fulldiv\">\n<input type=\"submit\" value=\"Send\" class=\"wpcf7-form-control wpcf7-submit\" \/>\n<\/div>\n<input type='hidden' class='wpcf7-pum' value='{\"closepopup\":false,\"closedelay\":0,\"openpopup\":false,\"openpopup_id\":0}' \/><div class=\"wpcf7-response-output wpcf7-display-none\" aria-hidden=\"true\"><\/div><input type=\"hidden\" name=\"trp-form-language\" value=\"en\"\/><\/form><\/div><\/div><\/div><\/div><div class=\"wpb_column vc_column_container vc_col-sm-4\"><div class=\"vc_column-inner\"><div class=\"wpb_wrapper\"><div class=\"vc_empty_space  visible-xs\"   style=\"height: 32px\" ><span class=\"vc_empty_space_inner\"><\/span><\/div>\n<h3 style=\"font-size: 20px;color: #e4b95b;line-height: 30px;text-align: left;font-family:Quicksand;font-weight:700;font-style:normal\" class=\"vc_custom_heading vc_custom_1553003213957\" >Our address<\/h3><p style=\"font-size: 15px;color: #20202f;line-height: 22px;text-align: left\" class=\"vc_custom_heading vc_custom_1553003262353\" >B dul Mamaia nr.284<br \/>\nConstan\u021ba, Rom\u00e2nia.<\/p><p style=\"font-size: 15px;color: #20202f;line-height: 22px;text-align: left\" class=\"vc_custom_heading vc_custom_1553003400456\" >office@yvycatering.ro<br \/>\ncomenzi@yvycatering.ro<\/p><h3 style=\"font-size: 20px;color: #20202f;line-height: 30px;text-align: left;font-family:Quicksand;font-weight:700;font-style:normal\" class=\"vc_custom_heading vc_custom_1553003450786\" >Program:<\/h3>\n\t<div class=\"wpb_raw_code wpb_content_element wpb_raw_html\" >\n\t\t<div class=\"wpb_wrapper\">\n\t\t\t<ul class=\"open-hours\"><li><span>Monday<\/span>08:00-18:00 PM<\/li>\n<li><span>Tuesday<\/span>08:00-18:00 PM<\/li>\n<li><span>Wednesday<\/span>08:00-18:00 PM<\/li>\n<li><span>Thursday<\/span>08:00-18:00 PM<\/li>\n<li><span>Friday<\/span>08:00-18:00 PM<\/li>\n<li><span>Saturday<\/span>08:00-18:00 PM<\/li>\n<li><span>Sunday<\/span>08:00-18:00 PM<\/li><\/ul>\n\t\t<\/div>\n\t<\/div>\n<\/div><\/div><\/div><\/div><\/div><\/div><\/div><\/div><div class=\"vc_row-full-width vc_clearfix\"><\/div><div data-vc-full-width=\"true\" data-vc-full-width-init=\"false\" data-vc-stretch-content=\"true\" class=\"vc_row wpb_row vc_row-fluid no-overlay vc_custom_1553692739618 vc_row-has-fill\" data-lang=\"English\"><div class=\"wpb_column vc_column_container vc_col-sm-12\"><div class=\"vc_column-inner\"><div class=\"wpb_wrapper\">\n\t<div class=\"wpb_text_column wpb_content_element\" >\n\t\t<div class=\"wpb_wrapper\">\n\t\t\t\n<div id=\"sb_instagram\"  class=\"sbi sbi_mob_col_1 sbi_tab_col_2 sbi_col_4 sbi_width_resp\" style=\"padding-bottom: 20px;width: 70%;\" data-feedid=\"*1\"  data-res=\"auto\" data-cols=\"4\" data-colsmobile=\"1\" data-colstablet=\"2\" data-num=\"4\" data-nummobile=\"\" data-item-padding=\"10\" data-shortcode-atts=\"{}\"  data-postid=\"1991\" data-locatornonce=\"98bc25ff55\" data-sbi-flags=\"favorLocal\">\n\t\n    <div id=\"sbi_images\"  style=\"gap: 20px;\">\n\t\t    <\/div>\n\n\t<div id=\"sbi_load\" >\n\n\t\n\t\t\t<span class=\"sbi_follow_btn\">\n        <a href=\"https:\/\/www.instagram.com\/17841407162269717\/\" target=\"_blank\" rel=\"nofollow noopener\">\n            <svg class=\"svg-inline--fa fa-instagram fa-w-14\" aria-hidden=\"true\" data-fa-processed=\"\" aria-label=\"Instagram\" data-prefix=\"fab\" data-icon=\"instagram\" role=\"img\" viewbox=\"0 0 448 512\">\n\t                <path fill=\"currentColor\" d=\"M224.1 141c-63.6 0-114.9 51.3-114.9 114.9s51.3 114.9 114.9 114.9S339 319.5 339 255.9 287.7 141 224.1 141zm0 189.6c-41.1 0-74.7-33.5-74.7-74.7s33.5-74.7 74.7-74.7 74.7 33.5 74.7 74.7-33.6 74.7-74.7 74.7zm146.4-194.3c0 14.9-12 26.8-26.8 26.8-14.9 0-26.8-12-26.8-26.8s12-26.8 26.8-26.8 26.8 12 26.8 26.8zm76.1 27.2c-1.7-35.9-9.9-67.7-36.2-93.9-26.2-26.2-58-34.4-93.9-36.2-37-2.1-147.9-2.1-184.9 0-35.8 1.7-67.6 9.9-93.9 36.1s-34.4 58-36.2 93.9c-2.1 37-2.1 147.9 0 184.9 1.7 35.9 9.9 67.7 36.2 93.9s58 34.4 93.9 36.2c37 2.1 147.9 2.1 184.9 0 35.9-1.7 67.7-9.9 93.9-36.2 26.2-26.2 34.4-58 36.2-93.9 2.1-37 2.1-147.8 0-184.8zM398.8 388c-7.8 19.6-22.9 34.7-42.6 42.6-29.5 11.7-99.5 9-132.1 9s-102.7 2.6-132.1-9c-19.6-7.8-34.7-22.9-42.6-42.6-11.7-29.5-9-99.5-9-132.1s-2.6-102.7 9-132.1c7.8-19.6 22.9-34.7 42.6-42.6 29.5-11.7 99.5-9 132.1-9s102.7-2.6 132.1 9c19.6 7.8 34.7 22.9 42.6 42.6 11.7 29.5 9 99.5 9 132.1s2.7 102.7-9 132.1z\"><\/path>\n\t            <\/svg>            <span>Urmareste-ne pe Instagram<\/span>\n        <\/a>\n    <\/span>\n\t\n<\/div>\n\n\t    <span class=\"sbi_resized_image_data\" data-feed-id=\"*1\" data-resized=\"[]\">\n\t<\/span>\n\t<\/div>\n\n\n\n\t\t<\/div>\n\t<\/div>\n<\/div><\/div><\/div><\/div><div class=\"vc_row-full-width vc_clearfix\"><\/div>","protected":false},"excerpt":{"rendered":"CATERING CONSTANTAMENIURILE SUNT MOMENTAN IN LUCRU Catering NuntaConstanta O nunt\u0103 este, de asemenea, unul dintre cele mai importante evenimente de familie \u0219i totodat\u0103 un eveniment cu preten\u021bii care ridic\u0103 multe aspecte \u00een materie de organizare iar meniul trebuie s\u0103 fie c\u00e2t mai bun \u0219i c\u00e2t mai satisf\u0103c\u0103tor pentru invita\u021bi. Pentru noi, nunta reprezint\u0103 nu doar [...]","protected":false},"author":1,"featured_media":0,"parent":0,"menu_order":0,"comment_status":"closed","ping_status":"closed","template":"","meta":{"footnotes":""},"class_list":["post-1991","page","type-page","status-publish","hentry"],"acf":[],"_links":{"self":[{"href":"https:\/\/yvycatering.ro\/en\/wp-json\/wp\/v2\/pages\/1991","targetHints":{"allow":["GET"]}}],"collection":[{"href":"https:\/\/yvycatering.ro\/en\/wp-json\/wp\/v2\/pages"}],"about":[{"href":"https:\/\/yvycatering.ro\/en\/wp-json\/wp\/v2\/types\/page"}],"author":[{"embeddable":true,"href":"https:\/\/yvycatering.ro\/en\/wp-json\/wp\/v2\/users\/1"}],"replies":[{"embeddable":true,"href":"https:\/\/yvycatering.ro\/en\/wp-json\/wp\/v2\/comments?post=1991"}],"version-history":[{"count":2,"href":"https:\/\/yvycatering.ro\/en\/wp-json\/wp\/v2\/pages\/1991\/revisions"}],"predecessor-version":[{"id":12299,"href":"https:\/\/yvycatering.ro\/en\/wp-json\/wp\/v2\/pages\/1991\/revisions\/12299"}],"wp:attachment":[{"href":"https:\/\/yvycatering.ro\/en\/wp-json\/wp\/v2\/media?parent=1991"}],"curies":[{"name":"wp","href":"https:\/\/api.w.org\/{rel}","templated":true}]}}