{"id":1895,"date":"2019-03-19T08:02:01","date_gmt":"2019-03-19T08:02:01","guid":{"rendered":"http:\/\/yvycatering.ro\/?page_id=1895"},"modified":"2024-12-23T13:36:25","modified_gmt":"2024-12-23T11:36:25","slug":"corporate-catering","status":"publish","type":"page","link":"https:\/\/yvycatering.ro\/en\/corporate-catering\/","title":{"rendered":"Corporate Catering"},"content":{"rendered":"<div data-vc-full-width=\"true\" data-vc-full-width-init=\"false\" class=\"vc_row wpb_row vc_row-fluid no-overlay vc_custom_1554369993020 vc_row-has-fill\" data-lang=\"English\"><div class=\"wpb_column vc_column_container vc_col-sm-12\"><div class=\"vc_column-inner\"><div class=\"wpb_wrapper\"><h2 style=\"font-size: 40px;color: #e4b95b;line-height: 50px;text-align: center;font-family:Quicksand;font-weight:700;font-style:normal\" class=\"vc_custom_heading vc_custom_1553761815072\" >Corporate Catering<\/h2><p style=\"font-size: 15px;color: #ffffff;line-height: 25px;text-align: center\" class=\"vc_custom_heading\" >Constanta<\/p><div class=\"vc_empty_space\"   style=\"height: 27px\" ><span class=\"vc_empty_space_inner\"><\/span><\/div>\n\n\t<div class=\"wpb_text_column wpb_content_element\" >\n\t\t<div class=\"wpb_wrapper\">\n\t\t\t<p style=\"text-align: center;\" class=\"translation-block\">We provide all types of dishes and snacks for <strong>CORPORATE<\/strong> style events and activities, on the occasion of conferences, company anniversaries, launches, inaugurations and commercial events, but also on the occasion of galas or other festive moments involving companies and institutions.<\/p>\n<p style=\"text-align: center;\">The profile of CORPORATE events inspires us in the concept of our special catering service to provide the right products and bring added value to on-site activities.<\/p>\n<p style=\"text-align: center;\" class=\"translation-block\">We prepare with care and professionalism <em>platters, hot and cold appetizers, sandwiches, desserts, and fine snacks, including vegan or fasting-friendly options, to support your event<\/em>, which we understand is closely connected to your company's image.<\/p>\n<p style=\"text-align: center;\"><a href=\"http:\/\/yvycatering.ro\/en\/\">YVY Catering<\/a> fully assumes the role of a trusted partner for official events and provides, under the best conditions, the dishes and appetizers that make a moment of great significance for a company or with a business theme a delight.<\/p>\n\n\t\t<\/div>\n\t<\/div>\n<\/div><\/div><\/div><\/div><div class=\"vc_row-full-width vc_clearfix\"><\/div><div data-vc-full-width=\"true\" data-vc-full-width-init=\"false\" class=\"vc_row wpb_row vc_row-fluid no-overlay vc_custom_1553009892125 vc_row-has-fill\" data-lang=\"English\"><div class=\"wpb_column vc_column_container vc_col-sm-12 vc_hidden-lg vc_hidden-md vc_hidden-sm vc_hidden-xs\"><div class=\"vc_column-inner\"><div class=\"wpb_wrapper\"><h2 style=\"font-size: 40px;color: #20202f;line-height: 50px;text-align: center;font-family:Quicksand;font-weight:700;font-style:normal\" class=\"vc_custom_heading vc_custom_1553009213544\" >YvY - Servicii Catering Corporatii<\/h2><p style=\"font-size: 15px;color: #9a9a9a;line-height: 18px;text-align: center\" class=\"vc_custom_heading\" >Choose quality! Cherish your tastes!<\/p><div class=\"vc_row wpb_row vc_inner vc_row-fluid vc_custom_1500275176706\"><div class=\"wpb_column vc_column_container vc_col-sm-6 vc_col-lg-3 vc_col-md-3\"><div class=\"vc_column-inner\"><div class=\"wpb_wrapper\"><div class=\"cms-fancyboxes-wraper clearfix template-cms_fancybox_single--layout2 content-align-default\" id=\"cms-fancy-box-single\">\r\n    <div class=\"cms-fancyboxes-body\">\r\n        <div class=\"cms-fancybox-item\">\r\n                            <div class=\"cms-fancybox-overlay\" style=\"background-image: url(https:\/\/yvycatering.ro\/wp-content\/uploads\/2017\/07\/img-server-hover.png);\">\r\n                <\/div>\r\n                        <div class=\"cms-fancybox-icon\">\r\n                                         <img decoding=\"async\" src=\"https:\/\/yvycatering.ro\/wp-content\/uploads\/2017\/07\/nen.png\" alt=\"\"\/>\r\n                \r\n            <\/div>\r\n            <div class=\"cms-fancybox-right\">\r\n                                    <img decoding=\"async\" class=\"img-hover\" src=\"https:\/\/yvycatering.ro\/wp-content\/uploads\/2017\/07\/img-hover.png\" alt=\"\"\/>\r\n                \r\n                                    <div class=\"cms-fancybox-title\" style=\"color:\">\r\n                                               SANDWICH <span>BAR<\/span>\r\n                    <\/div>\r\n\r\n                        \r\n                                    <div class=\"cms-fancybox-content ft-pxi-r\">\r\n                        <p>Constanta<br \/>\n.<\/p>\n                    <\/div>\r\n                                                    <div class=\"cms-fancyboxes-footer\">\r\n                                                <a href=\"http:\/\/yvycatering.ro\/en\/sandwich-bar\/\" class=\"btn btn-default\">DETAILS<\/a>\r\n                    <\/div>\r\n                            <\/div>\r\n\r\n        <\/div>\r\n    <\/div>\r\n<\/div><\/div><\/div><\/div><div class=\"wpb_column vc_column_container vc_col-sm-6 vc_col-lg-3 vc_col-md-3\"><div class=\"vc_column-inner\"><div class=\"wpb_wrapper\"><div class=\"vc_empty_space  visible-xs\"   style=\"height: 32px\" ><span class=\"vc_empty_space_inner\"><\/span><\/div>\n<div class=\"cms-fancyboxes-wraper clearfix template-cms_fancybox_single--layout2 content-align-default\" id=\"cms-fancy-box-single-2\">\r\n    <div class=\"cms-fancyboxes-body\">\r\n        <div class=\"cms-fancybox-item\">\r\n                            <div class=\"cms-fancybox-overlay\" style=\"background-image: url(https:\/\/yvycatering.ro\/wp-content\/uploads\/2017\/07\/img-server-hover.png);\">\r\n                <\/div>\r\n                        <div class=\"cms-fancybox-icon\">\r\n                                         <img decoding=\"async\" src=\"https:\/\/yvycatering.ro\/wp-content\/uploads\/2017\/07\/fancy2-1.png\" alt=\"\"\/>\r\n                \r\n            <\/div>\r\n            <div class=\"cms-fancybox-right\">\r\n                                    <img decoding=\"async\" class=\"img-hover\" src=\"https:\/\/yvycatering.ro\/wp-content\/uploads\/2017\/07\/img-hover.png\" alt=\"\"\/>\r\n                \r\n                                    <div class=\"cms-fancybox-title\" style=\"color:\">\r\n                                               CATERING <span>CONFERENCE<\/span>\r\n                    <\/div>\r\n\r\n                        \r\n                                    <div class=\"cms-fancybox-content ft-pxi-r\">\r\n                        <p>Constanta<br \/>\n.<\/p>\n                    <\/div>\r\n                                                    <div class=\"cms-fancyboxes-footer\">\r\n                                                <a href=\"http:\/\/yvycatering.ro\/en\/conferinte\/\" class=\"btn btn-default\">DETAILS<\/a>\r\n                    <\/div>\r\n                            <\/div>\r\n\r\n        <\/div>\r\n    <\/div>\r\n<\/div><\/div><\/div><\/div><div class=\"wpb_column vc_column_container vc_col-sm-6 vc_col-lg-3 vc_col-md-3\"><div class=\"vc_column-inner\"><div class=\"wpb_wrapper\"><div class=\"vc_empty_space  visible-xs visible-sm\"   style=\"height: 32px\" ><span class=\"vc_empty_space_inner\"><\/span><\/div>\n<div class=\"cms-fancyboxes-wraper clearfix template-cms_fancybox_single--layout2 content-align-default\" id=\"cms-fancy-box-single-3\">\r\n    <div class=\"cms-fancyboxes-body\">\r\n        <div class=\"cms-fancybox-item\">\r\n                            <div class=\"cms-fancybox-overlay\" style=\"background-image: url(https:\/\/yvycatering.ro\/wp-content\/uploads\/2017\/07\/img-server-hover.png);\">\r\n                <\/div>\r\n                        <div class=\"cms-fancybox-icon\">\r\n                                         <img decoding=\"async\" src=\"https:\/\/yvycatering.ro\/wp-content\/uploads\/2017\/07\/nen.png\" alt=\"\"\/>\r\n                \r\n            <\/div>\r\n            <div class=\"cms-fancybox-right\">\r\n                                    <img decoding=\"async\" class=\"img-hover\" src=\"https:\/\/yvycatering.ro\/wp-content\/uploads\/2017\/07\/img-hover.png\" alt=\"\"\/>\r\n                \r\n                                    <div class=\"cms-fancybox-title\" style=\"color:\">\r\n                                               LANSARI SI <span>GALE<\/span>\r\n                    <\/div>\r\n\r\n                        \r\n                                    <div class=\"cms-fancybox-content ft-pxi-r\">\r\n                        <p>Constanta<br \/>\n.<\/p>\n                    <\/div>\r\n                                                    <div class=\"cms-fancyboxes-footer\">\r\n                                                <a href=\"http:\/\/yvycatering.ro\/en\/lansari-si-gale\/\" class=\"btn btn-default\">DETAILS<\/a>\r\n                    <\/div>\r\n                            <\/div>\r\n\r\n        <\/div>\r\n    <\/div>\r\n<\/div><\/div><\/div><\/div><div class=\"wpb_column vc_column_container vc_col-sm-6 vc_col-lg-3 vc_col-md-3\"><div class=\"vc_column-inner\"><div class=\"wpb_wrapper\"><div class=\"vc_empty_space  visible-xs visible-sm\"   style=\"height: 32px\" ><span class=\"vc_empty_space_inner\"><\/span><\/div>\n<div class=\"cms-fancyboxes-wraper clearfix template-cms_fancybox_single--layout2 content-align-default\" id=\"cms-fancy-box-single-4\">\r\n    <div class=\"cms-fancyboxes-body\">\r\n        <div class=\"cms-fancybox-item\">\r\n                            <div class=\"cms-fancybox-overlay\" style=\"background-image: url(https:\/\/yvycatering.ro\/wp-content\/uploads\/2017\/07\/img-server-hover.png);\">\r\n                <\/div>\r\n                        <div class=\"cms-fancybox-icon\">\r\n                                         <img decoding=\"async\" src=\"https:\/\/yvycatering.ro\/wp-content\/uploads\/2017\/07\/fancy2-3.png\" alt=\"\"\/>\r\n                \r\n            <\/div>\r\n            <div class=\"cms-fancybox-right\">\r\n                                    <img decoding=\"async\" class=\"img-hover\" src=\"https:\/\/yvycatering.ro\/wp-content\/uploads\/2017\/07\/img-hover.png\" alt=\"\"\/>\r\n                \r\n                                    <div class=\"cms-fancybox-title\" style=\"color:\">\r\n                                               COFFEE <span>BREAK<\/span>\r\n                    <\/div>\r\n\r\n                        \r\n                                    <div class=\"cms-fancybox-content ft-pxi-r\">\r\n                        <p>Constanta<br \/>\n.<\/p>\n                    <\/div>\r\n                                                    <div class=\"cms-fancyboxes-footer\">\r\n                                                <a href=\"http:\/\/yvycatering.ro\/en\/coffee-break\/\" class=\"btn btn-default\">DETAILS<\/a>\r\n                    <\/div>\r\n                            <\/div>\r\n\r\n        <\/div>\r\n    <\/div>\r\n<\/div><\/div><\/div><\/div><\/div><\/div><\/div><\/div><\/div><div class=\"vc_row-full-width vc_clearfix\"><\/div><div data-vc-full-width=\"true\" data-vc-full-width-init=\"false\" class=\"vc_row wpb_row vc_row-fluid no-overlay vc_custom_1552982163090 vc_row-has-fill\" data-lang=\"English\"><div class=\"wpb_column vc_column_container vc_col-sm-12\"><div class=\"vc_column-inner\"><div class=\"wpb_wrapper\"><h2 style=\"font-size: 40px;color: #383848;line-height: 50px;text-align: center;font-family:Quicksand;font-weight:700;font-style:normal\" class=\"vc_custom_heading vc_custom_1553002550236\" >Contact us<\/h2><p style=\"font-size: 15px;color: #9a9a9a;line-height: 25px;text-align: center\" class=\"vc_custom_heading\" >Premium catering services for events. Catering contracts Constanta<\/p><div class=\"vc_row wpb_row vc_inner vc_row-fluid vc_custom_1553009078292\"><div class=\"wpb_column vc_column_container vc_col-sm-8\"><div class=\"vc_column-inner\"><div class=\"wpb_wrapper\"><h3 style=\"font-size: 20px;color: #383848;line-height: 30px;text-align: left;font-family:Quicksand;font-weight:700;font-style:normal\" class=\"vc_custom_heading vc_custom_1553762050878\" >Contact Us<\/h3><p style=\"font-size: 15px;color: #959394;line-height: 22px;text-align: left\" class=\"vc_custom_heading vc_custom_1554211754892\" >Leave a message and we will contact you. Together we will determine everything you are interested in.<\/p><div role=\"form\" class=\"wpcf7\" id=\"wpcf7-f4-o1\" lang=\"en-US\" dir=\"ltr\">\n<div class=\"screen-reader-response\" aria-live=\"polite\"><\/div>\n<form action=\"\/en\/wp-json\/wp\/v2\/pages\/1895#wpcf7-f4-o1\" method=\"post\" class=\"wpcf7-form\" novalidate=\"novalidate\" data-trp-original-action=\"\/en\/wp-json\/wp\/v2\/pages\/1895#wpcf7-f4-o1\">\n<div style=\"display: none;\">\n<input type=\"hidden\" name=\"_wpcf7\" value=\"4\" \/>\n<input type=\"hidden\" name=\"_wpcf7_version\" value=\"5.1.9\" \/>\n<input type=\"hidden\" name=\"_wpcf7_locale\" value=\"en_US\" \/>\n<input type=\"hidden\" name=\"_wpcf7_unit_tag\" value=\"wpcf7-f4-o1\" \/>\n<input type=\"hidden\" name=\"_wpcf7_container_post\" value=\"0\" \/>\n<input type=\"hidden\" name=\"g-recaptcha-response\" value=\"\" \/>\n<\/div>\n<div class=\"form-div\">\n<label>Name<\/label><br \/>\n<span class=\"wpcf7-form-control-wrap first-name\"><input type=\"text\" name=\"first-name\" value=\"\" size=\"40\" class=\"wpcf7-form-control wpcf7-text wpcf7-validates-as-required\" aria-required=\"true\" aria-invalid=\"false\" \/><\/span>\n<\/div>\n<div class=\"form-div\">\n<label>First name<\/label><br \/>\n<span class=\"wpcf7-form-control-wrap last-name\"><input type=\"text\" name=\"last-name\" value=\"\" size=\"40\" class=\"wpcf7-form-control wpcf7-text wpcf7-validates-as-required\" aria-required=\"true\" aria-invalid=\"false\" \/><\/span>\n<\/div>\n<div class=\"form-div\">\n<label>Email<\/label><br \/>\n<span class=\"wpcf7-form-control-wrap email\"><input type=\"text\" name=\"email\" value=\"\" size=\"40\" class=\"wpcf7-form-control wpcf7-text wpcf7-validates-as-required\" aria-required=\"true\" aria-invalid=\"false\" \/><\/span>\n<\/div>\n<div class=\"form-div\">\n<label>Phone number<\/label<br>\n<span class=\"wpcf7-form-control-wrap tel-483\"><input type=\"tel\" name=\"tel-483\" value=\"\" size=\"40\" class=\"wpcf7-form-control wpcf7-text wpcf7-tel wpcf7-validates-as-required wpcf7-validates-as-tel\" aria-required=\"true\" aria-invalid=\"false\" \/><\/span>\n<\/div>\n<div class=\"form-div\">\n<label>Subject<\/label><br \/>\n<span class=\"wpcf7-form-control-wrap subject\"><input type=\"text\" name=\"subject\" value=\"\" size=\"40\" class=\"wpcf7-form-control wpcf7-text wpcf7-validates-as-required\" aria-required=\"true\" aria-invalid=\"false\" \/><\/span>\n<\/div>\n<div class=\"form-fulldiv\">\n<label>Message<\/label><br \/>\n <span class=\"wpcf7-form-control-wrap your-message\"><textarea name=\"your-message\" cols=\"40\" rows=\"10\" class=\"wpcf7-form-control wpcf7-textarea\" aria-invalid=\"false\"><\/textarea><\/span>\n<\/div>\n<div class=\"form-fulldiv\">\n<input type=\"submit\" value=\"Send\" class=\"wpcf7-form-control wpcf7-submit\" \/>\n<\/div>\n<input type='hidden' class='wpcf7-pum' value='{\"closepopup\":false,\"closedelay\":0,\"openpopup\":false,\"openpopup_id\":0}' \/><div class=\"wpcf7-response-output wpcf7-display-none\" aria-hidden=\"true\"><\/div><input type=\"hidden\" name=\"trp-form-language\" value=\"en\"\/><\/form><\/div><\/div><\/div><\/div><div class=\"wpb_column vc_column_container vc_col-sm-4\"><div class=\"vc_column-inner\"><div class=\"wpb_wrapper\"><div class=\"vc_empty_space  visible-xs\"   style=\"height: 32px\" ><span class=\"vc_empty_space_inner\"><\/span><\/div>\n<h3 style=\"font-size: 20px;color: #e4b95b;line-height: 30px;text-align: left;font-family:Quicksand;font-weight:700;font-style:normal\" class=\"vc_custom_heading vc_custom_1553003213957\" >Our address<\/h3><p style=\"font-size: 15px;color: #20202f;line-height: 22px;text-align: left\" class=\"vc_custom_heading vc_custom_1553003262353\" >B dul Mamaia nr.284<br \/>\nConstan\u021ba, Rom\u00e2nia.<\/p><p style=\"font-size: 15px;color: #20202f;line-height: 22px;text-align: left\" class=\"vc_custom_heading vc_custom_1553003400456\" >office@yvycatering.ro<br \/>\ncomenzi@yvycatering.ro<\/p><h3 style=\"font-size: 20px;color: #20202f;line-height: 30px;text-align: left;font-family:Quicksand;font-weight:700;font-style:normal\" class=\"vc_custom_heading vc_custom_1553003450786\" >Program:<\/h3>\n\t<div class=\"wpb_raw_code wpb_content_element wpb_raw_html\" >\n\t\t<div class=\"wpb_wrapper\">\n\t\t\t<ul class=\"open-hours\"><li><span>Monday<\/span>08:00-18:00 PM<\/li>\n<li><span>Tuesday<\/span>08:00-18:00 PM<\/li>\n<li><span>Wednesday<\/span>08:00-18:00 PM<\/li>\n<li><span>Thursday<\/span>08:00-18:00 PM<\/li>\n<li><span>Friday<\/span>08:00-18:00 PM<\/li>\n<li><span>Saturday<\/span>08:00-18:00 PM<\/li>\n<li><span>Sunday<\/span>08:00-18:00 PM<\/li><\/ul>\n\t\t<\/div>\n\t<\/div>\n<\/div><\/div><\/div><\/div><\/div><\/div><\/div><\/div><div class=\"vc_row-full-width vc_clearfix\"><\/div><div data-vc-full-width=\"true\" data-vc-full-width-init=\"false\" data-vc-stretch-content=\"true\" class=\"vc_row wpb_row vc_row-fluid no-overlay vc_custom_1553762005513 vc_row-has-fill\" data-lang=\"English\"><div class=\"wpb_column vc_column_container vc_col-sm-12\"><div class=\"vc_column-inner\"><div class=\"wpb_wrapper\">\n\t<div class=\"wpb_text_column wpb_content_element\" >\n\t\t<div class=\"wpb_wrapper\">\n\t\t\t\n<div id=\"sb_instagram\"  class=\"sbi sbi_mob_col_1 sbi_tab_col_2 sbi_col_4 sbi_width_resp\" style=\"padding-bottom: 20px;width: 70%;\" data-feedid=\"*1\"  data-res=\"auto\" data-cols=\"4\" data-colsmobile=\"1\" data-colstablet=\"2\" data-num=\"4\" data-nummobile=\"\" data-item-padding=\"10\" data-shortcode-atts=\"{}\"  data-postid=\"1895\" data-locatornonce=\"937e7e150a\" data-sbi-flags=\"favorLocal\">\n\t\n    <div id=\"sbi_images\"  style=\"gap: 20px;\">\n\t\t    <\/div>\n\n\t<div id=\"sbi_load\" >\n\n\t\n\t\t\t<span class=\"sbi_follow_btn\">\n        <a href=\"https:\/\/www.instagram.com\/17841407162269717\/\" target=\"_blank\" rel=\"nofollow noopener\">\n            <svg class=\"svg-inline--fa fa-instagram fa-w-14\" aria-hidden=\"true\" data-fa-processed=\"\" aria-label=\"Instagram\" data-prefix=\"fab\" data-icon=\"instagram\" role=\"img\" viewbox=\"0 0 448 512\">\n\t                <path fill=\"currentColor\" d=\"M224.1 141c-63.6 0-114.9 51.3-114.9 114.9s51.3 114.9 114.9 114.9S339 319.5 339 255.9 287.7 141 224.1 141zm0 189.6c-41.1 0-74.7-33.5-74.7-74.7s33.5-74.7 74.7-74.7 74.7 33.5 74.7 74.7-33.6 74.7-74.7 74.7zm146.4-194.3c0 14.9-12 26.8-26.8 26.8-14.9 0-26.8-12-26.8-26.8s12-26.8 26.8-26.8 26.8 12 26.8 26.8zm76.1 27.2c-1.7-35.9-9.9-67.7-36.2-93.9-26.2-26.2-58-34.4-93.9-36.2-37-2.1-147.9-2.1-184.9 0-35.8 1.7-67.6 9.9-93.9 36.1s-34.4 58-36.2 93.9c-2.1 37-2.1 147.9 0 184.9 1.7 35.9 9.9 67.7 36.2 93.9s58 34.4 93.9 36.2c37 2.1 147.9 2.1 184.9 0 35.9-1.7 67.7-9.9 93.9-36.2 26.2-26.2 34.4-58 36.2-93.9 2.1-37 2.1-147.8 0-184.8zM398.8 388c-7.8 19.6-22.9 34.7-42.6 42.6-29.5 11.7-99.5 9-132.1 9s-102.7 2.6-132.1-9c-19.6-7.8-34.7-22.9-42.6-42.6-11.7-29.5-9-99.5-9-132.1s-2.6-102.7 9-132.1c7.8-19.6 22.9-34.7 42.6-42.6 29.5-11.7 99.5-9 132.1-9s102.7-2.6 132.1 9c19.6 7.8 34.7 22.9 42.6 42.6 11.7 29.5 9 99.5 9 132.1s2.7 102.7-9 132.1z\"><\/path>\n\t            <\/svg>            <span>Urmareste-ne pe Instagram<\/span>\n        <\/a>\n    <\/span>\n\t\n<\/div>\n\n\t    <span class=\"sbi_resized_image_data\" data-feed-id=\"*1\" data-resized=\"[]\">\n\t<\/span>\n\t<\/div>\n\n\n\n\t\t<\/div>\n\t<\/div>\n<\/div><\/div><\/div><\/div><div class=\"vc_row-full-width vc_clearfix\"><\/div>","protected":false},"excerpt":{"rendered":"Corporate CateringConstanta Asigur\u0103m orice tip de preparate \u0219i gust\u0103ri pentru evenimente \u0219i activit\u0103\u021bi \u00een stil CORPORATE, cu ocazia conferin\u021belor, anivers\u0103rilor unor companii, lans\u0103rilor, inaugur\u0103rilor \u0219i evenimentelor comerciale, dar \u0219i cu ocazia unor gale sau a altor momente festive care implic\u0103 firmele \u0219i institu\u021biile. Profilul evenimentelor CORPORATE ne inspir\u0103 \u00een conceptul serviciului nostru de catering special [...]","protected":false},"author":1,"featured_media":0,"parent":0,"menu_order":0,"comment_status":"closed","ping_status":"closed","template":"","meta":{"footnotes":""},"class_list":["post-1895","page","type-page","status-publish","hentry"],"acf":[],"_links":{"self":[{"href":"https:\/\/yvycatering.ro\/en\/wp-json\/wp\/v2\/pages\/1895","targetHints":{"allow":["GET"]}}],"collection":[{"href":"https:\/\/yvycatering.ro\/en\/wp-json\/wp\/v2\/pages"}],"about":[{"href":"https:\/\/yvycatering.ro\/en\/wp-json\/wp\/v2\/types\/page"}],"author":[{"embeddable":true,"href":"https:\/\/yvycatering.ro\/en\/wp-json\/wp\/v2\/users\/1"}],"replies":[{"embeddable":true,"href":"https:\/\/yvycatering.ro\/en\/wp-json\/wp\/v2\/comments?post=1895"}],"version-history":[{"count":1,"href":"https:\/\/yvycatering.ro\/en\/wp-json\/wp\/v2\/pages\/1895\/revisions"}],"predecessor-version":[{"id":12305,"href":"https:\/\/yvycatering.ro\/en\/wp-json\/wp\/v2\/pages\/1895\/revisions\/12305"}],"wp:attachment":[{"href":"https:\/\/yvycatering.ro\/en\/wp-json\/wp\/v2\/media?parent=1895"}],"curies":[{"name":"wp","href":"https:\/\/api.w.org\/{rel}","templated":true}]}}