{"id":1825,"date":"2019-01-21T09:32:14","date_gmt":"2019-01-21T09:32:14","guid":{"rendered":"http:\/\/dev.joomexp.com\/wordpress\/laboom\/?page_id=1425"},"modified":"2023-06-08T11:27:03","modified_gmt":"2023-06-08T09:27:03","slug":"contact","status":"publish","type":"page","link":"https:\/\/yvycatering.ro\/en\/contact\/","title":{"rendered":"Contact"},"content":{"rendered":"<div data-vc-full-width=\"true\" data-vc-full-width-init=\"false\" data-vc-stretch-content=\"true\" class=\"vc_row wpb_row vc_row-fluid no-overlay vc_row-no-padding\" data-lang=\"English\"><div class=\"wpb_column vc_column_container vc_col-sm-12\"><div class=\"vc_column-inner\"><div class=\"wpb_wrapper\">\n\t<div  class=\"wpb_single_image wpb_content_element vc_align_center\">\n\t\t\n\t\t<figure class=\"wpb_wrapper vc_figure\">\n\t\t\t<a href=\"https:\/\/goo.gl\/maps\/u9EjfNtNaoT2\" target=\"_self\" class=\"vc_single_image-wrapper   vc_box_border_grey\"><img decoding=\"async\" width=\"2057\" height=\"555\" src=\"https:\/\/yvycatering.ro\/wp-content\/uploads\/2019\/03\/yvy-catering-locatie.jpg\" class=\"vc_single_image-img attachment-full\" alt=\"\" srcset=\"https:\/\/yvycatering.ro\/wp-content\/uploads\/2019\/03\/yvy-catering-locatie.jpg 2057w, https:\/\/yvycatering.ro\/wp-content\/uploads\/2019\/03\/yvy-catering-locatie-600x162.jpg 600w, https:\/\/yvycatering.ro\/wp-content\/uploads\/2019\/03\/yvy-catering-locatie-300x81.jpg 300w, https:\/\/yvycatering.ro\/wp-content\/uploads\/2019\/03\/yvy-catering-locatie-768x207.jpg 768w, https:\/\/yvycatering.ro\/wp-content\/uploads\/2019\/03\/yvy-catering-locatie-1024x276.jpg 1024w, https:\/\/yvycatering.ro\/wp-content\/uploads\/2019\/03\/yvy-catering-locatie-624x168.jpg 624w\" sizes=\"(max-width: 2057px) 100vw, 2057px\" \/><\/a>\n\t\t<\/figure>\n\t<\/div>\n<\/div><\/div><\/div><\/div><div class=\"vc_row-full-width vc_clearfix\"><\/div><div data-vc-full-width=\"true\" data-vc-full-width-init=\"false\" class=\"vc_row wpb_row vc_row-fluid no-overlay vc_custom_1553088444689 vc_row-has-fill\" data-lang=\"English\"><div class=\"wpb_column vc_column_container vc_col-sm-12\"><div class=\"vc_column-inner\"><div class=\"wpb_wrapper\"><h2 style=\"font-size: 40px;color: #383848;line-height: 50px;text-align: center;font-family:Quicksand;font-weight:700;font-style:normal\" class=\"vc_custom_heading vc_custom_1553153046867\" >Contact us<\/h2><p style=\"font-size: 15px;color: #9a9a9a;line-height: 25px;text-align: center\" class=\"vc_custom_heading\" >Yvy Catering Constanta<\/p><div class=\"vc_row wpb_row vc_inner vc_row-fluid vc_row-o-equal-height vc_row-flex\"><div class=\"wpb_column vc_column_container vc_col-sm-4\"><div class=\"vc_column-inner\"><div class=\"wpb_wrapper\">   <div class=\"template-cms_fancybox_single--layout5 content-align-default  clearfix\" id=\"cms-fancy-box-single\">\r\n    <div class=\"cms-fancyboxes-body\">\r\n        <div class=\"cms-fancybox-item\">\r\n            <div class=\"cms-fancybox-icon\">\r\n                                               <div class=\"cms-fancybox-image\">\r\n                        <img decoding=\"async\" src=\"https:\/\/yvycatering.ro\/wp-content\/uploads\/2017\/08\/icon100.png\" alt=\"\"\/>\r\n                    <\/div>\r\n                            <\/div>\r\n            <div class=\"cms-fancybox-content\">\r\n\r\n                        \r\n                                    <div class=\"cms-fancybox-content ft-pxi-r\" style=\"color:\">\r\n                        <p>B-dul Mamaia nr.284, 900552 Constan\u021ba, Rom\u00e2nia<\/p>\n                    <\/div>\r\n                                            <\/div>\r\n\r\n        <\/div>\r\n    <\/div>\r\n<\/div><\/div><\/div><\/div><div class=\"wpb_column vc_column_container vc_col-sm-4\"><div class=\"vc_column-inner\"><div class=\"wpb_wrapper\">   <div class=\"template-cms_fancybox_single--layout5 content-align-default  clearfix\" id=\"cms-fancy-box-single-2\">\r\n    <div class=\"cms-fancyboxes-body\">\r\n        <div class=\"cms-fancybox-item\">\r\n            <div class=\"cms-fancybox-icon\">\r\n                                               <div class=\"cms-fancybox-image\">\r\n                        <img decoding=\"async\" src=\"https:\/\/yvycatering.ro\/wp-content\/uploads\/2017\/08\/icon101.png\" alt=\"\"\/>\r\n                    <\/div>\r\n                            <\/div>\r\n            <div class=\"cms-fancybox-content\">\r\n\r\n                        \r\n                                    <div class=\"cms-fancybox-content ft-pxi-r\" style=\"color:\">\r\n                        <p>0784 224 224<\/p>\n                    <\/div>\r\n                                            <\/div>\r\n\r\n        <\/div>\r\n    <\/div>\r\n<\/div><\/div><\/div><\/div><div class=\"wpb_column vc_column_container vc_col-sm-4\"><div class=\"vc_column-inner\"><div class=\"wpb_wrapper\">   <div class=\"template-cms_fancybox_single--layout5 content-align-default  clearfix\" id=\"cms-fancy-box-single-3\">\r\n    <div class=\"cms-fancyboxes-body\">\r\n        <div class=\"cms-fancybox-item\">\r\n            <div class=\"cms-fancybox-icon\">\r\n                                               <div class=\"cms-fancybox-image\">\r\n                        <img decoding=\"async\" src=\"https:\/\/yvycatering.ro\/wp-content\/uploads\/2017\/08\/icon102.png\" alt=\"\"\/>\r\n                    <\/div>\r\n                            <\/div>\r\n            <div class=\"cms-fancybox-content\">\r\n\r\n                        \r\n                                    <div class=\"cms-fancybox-content ft-pxi-r\" style=\"color:\">\r\n                        <p>office@yvycatering.ro \u2192 comenzi@yvycatering.ro<\/p>\n                    <\/div>\r\n                                            <\/div>\r\n\r\n        <\/div>\r\n    <\/div>\r\n<\/div><\/div><\/div><\/div><\/div><div class=\"vc_empty_space\"   style=\"height: 60px\" ><span class=\"vc_empty_space_inner\"><\/span><\/div>\n<\/div><\/div><\/div><\/div><div class=\"vc_row-full-width vc_clearfix\"><\/div><div data-vc-full-width=\"true\" data-vc-full-width-init=\"false\" class=\"vc_row wpb_row vc_row-fluid no-overlay vc_custom_1553084662364 vc_row-has-fill\" data-lang=\"English\"><div class=\"wpb_column vc_column_container vc_col-sm-12\"><div class=\"vc_column-inner\"><div class=\"wpb_wrapper\"><h2 style=\"font-size: 40px;color: #383848;line-height: 50px;text-align: center;font-family:Quicksand;font-weight:700;font-style:normal\" class=\"vc_custom_heading vc_custom_1553002550236\" >Contact us<\/h2><p style=\"font-size: 15px;color: #9a9a9a;line-height: 25px;text-align: center\" class=\"vc_custom_heading\" >Premium catering services for events. Catering contracts Constanta<\/p><div class=\"vc_row wpb_row vc_inner vc_row-fluid vc_custom_1553009078292\"><div class=\"wpb_column vc_column_container vc_col-sm-8\"><div class=\"vc_column-inner\"><div class=\"wpb_wrapper\"><h3 style=\"font-size: 20px;color: #383848;line-height: 30px;text-align: left;font-family:Quicksand;font-weight:700;font-style:normal\" class=\"vc_custom_heading vc_custom_1554376773594\" >Contact Us<\/h3><p style=\"font-size: 15px;color: #959394;line-height: 22px;text-align: left\" class=\"vc_custom_heading vc_custom_1554211493169\" >Leave a message and we will contact you. Together we will determine everything you are interested in.<\/p><div role=\"form\" class=\"wpcf7\" id=\"wpcf7-f4-o1\" lang=\"en-US\" dir=\"ltr\">\n<div class=\"screen-reader-response\" aria-live=\"polite\"><\/div>\n<form action=\"\/en\/wp-json\/wp\/v2\/pages\/1825#wpcf7-f4-o1\" method=\"post\" class=\"wpcf7-form\" novalidate=\"novalidate\" data-trp-original-action=\"\/en\/wp-json\/wp\/v2\/pages\/1825#wpcf7-f4-o1\">\n<div style=\"display: none;\">\n<input type=\"hidden\" name=\"_wpcf7\" value=\"4\" \/>\n<input type=\"hidden\" name=\"_wpcf7_version\" value=\"5.1.9\" \/>\n<input type=\"hidden\" name=\"_wpcf7_locale\" value=\"en_US\" \/>\n<input type=\"hidden\" name=\"_wpcf7_unit_tag\" value=\"wpcf7-f4-o1\" \/>\n<input type=\"hidden\" name=\"_wpcf7_container_post\" value=\"0\" \/>\n<input type=\"hidden\" name=\"g-recaptcha-response\" value=\"\" \/>\n<\/div>\n<div class=\"form-div\">\n<label>Name<\/label><br \/>\n<span class=\"wpcf7-form-control-wrap first-name\"><input type=\"text\" name=\"first-name\" value=\"\" size=\"40\" class=\"wpcf7-form-control wpcf7-text wpcf7-validates-as-required\" aria-required=\"true\" aria-invalid=\"false\" \/><\/span>\n<\/div>\n<div class=\"form-div\">\n<label>First name<\/label><br \/>\n<span class=\"wpcf7-form-control-wrap last-name\"><input type=\"text\" name=\"last-name\" value=\"\" size=\"40\" class=\"wpcf7-form-control wpcf7-text wpcf7-validates-as-required\" aria-required=\"true\" aria-invalid=\"false\" \/><\/span>\n<\/div>\n<div class=\"form-div\">\n<label>Email<\/label><br \/>\n<span class=\"wpcf7-form-control-wrap email\"><input type=\"text\" name=\"email\" value=\"\" size=\"40\" class=\"wpcf7-form-control wpcf7-text wpcf7-validates-as-required\" aria-required=\"true\" aria-invalid=\"false\" \/><\/span>\n<\/div>\n<div class=\"form-div\">\n<label>Phone number<\/label<br>\n<span class=\"wpcf7-form-control-wrap tel-483\"><input type=\"tel\" name=\"tel-483\" value=\"\" size=\"40\" class=\"wpcf7-form-control wpcf7-text wpcf7-tel wpcf7-validates-as-required wpcf7-validates-as-tel\" aria-required=\"true\" aria-invalid=\"false\" \/><\/span>\n<\/div>\n<div class=\"form-div\">\n<label>Subject<\/label><br \/>\n<span class=\"wpcf7-form-control-wrap subject\"><input type=\"text\" name=\"subject\" value=\"\" size=\"40\" class=\"wpcf7-form-control wpcf7-text wpcf7-validates-as-required\" aria-required=\"true\" aria-invalid=\"false\" \/><\/span>\n<\/div>\n<div class=\"form-fulldiv\">\n<label>Message<\/label><br \/>\n <span class=\"wpcf7-form-control-wrap your-message\"><textarea name=\"your-message\" cols=\"40\" rows=\"10\" class=\"wpcf7-form-control wpcf7-textarea\" aria-invalid=\"false\"><\/textarea><\/span>\n<\/div>\n<div class=\"form-fulldiv\">\n<input type=\"submit\" value=\"Send\" class=\"wpcf7-form-control wpcf7-submit\" \/>\n<\/div>\n<input type='hidden' class='wpcf7-pum' value='{\"closepopup\":false,\"closedelay\":0,\"openpopup\":false,\"openpopup_id\":0}' \/><div class=\"wpcf7-response-output wpcf7-display-none\" aria-hidden=\"true\"><\/div><input type=\"hidden\" name=\"trp-form-language\" value=\"en\"\/><\/form><\/div><\/div><\/div><\/div><div class=\"wpb_column vc_column_container vc_col-sm-4\"><div class=\"vc_column-inner\"><div class=\"wpb_wrapper\"><div class=\"vc_empty_space  visible-xs\"   style=\"height: 32px\" ><span class=\"vc_empty_space_inner\"><\/span><\/div>\n<h3 style=\"font-size: 20px;color: #e4b95b;line-height: 30px;text-align: left;font-family:Quicksand;font-weight:700;font-style:normal\" class=\"vc_custom_heading vc_custom_1553003213957\" >Our address<\/h3><p style=\"font-size: 15px;color: #20202f;line-height: 22px;text-align: left\" class=\"vc_custom_heading vc_custom_1553003262353\" >B dul Mamaia nr.284<br \/>\nConstan\u021ba, Rom\u00e2nia.<\/p><p style=\"font-size: 15px;color: #20202f;line-height: 22px;text-align: left\" class=\"vc_custom_heading vc_custom_1553003400456\" >office@yvycatering.ro<br \/>\ncomenzi@yvycatering.ro<\/p><h3 style=\"font-size: 20px;color: #20202f;line-height: 30px;text-align: left;font-family:Quicksand;font-weight:700;font-style:normal\" class=\"vc_custom_heading vc_custom_1553003450786\" >Program:<\/h3>\n\t<div class=\"wpb_raw_code wpb_content_element wpb_raw_html\" >\n\t\t<div class=\"wpb_wrapper\">\n\t\t\t<ul class=\"open-hours\"><li><span>Monday<\/span>08:00-18:00 PM<\/li>\n<li><span>Tuesday<\/span>08:00-18:00 PM<\/li>\n<li><span>Wednesday<\/span>08:00-18:00 PM<\/li>\n<li><span>Thursday<\/span>08:00-18:00 PM<\/li>\n<li><span>Friday<\/span>08:00-18:00 PM<\/li>\n<li><span>Saturday<\/span>08:00-18:00 PM<\/li>\n<li><span>Sunday<\/span>08:00-18:00 PM<\/li><\/ul>\n\t\t<\/div>\n\t<\/div>\n<\/div><\/div><\/div><\/div><\/div><\/div><\/div><\/div><div class=\"vc_row-full-width vc_clearfix\"><\/div>","protected":false},"excerpt":{"rendered":"Contacteaza-neYvy Catering Constanta B-dul Mamaia nr.284, 900552 Constan\u021ba, Rom\u00e2nia 0784 224 224 office@yvycatering.ro \u2192 comenzi@yvycatering.ro Contacteaza-neServici catering premium pentru evenimente. Contracte catering ConstantaScrie-neLas\u0103 un mesaj \u0219i te vom contacta noi. Stabilim \u00eempreun\u0103 tot ce te intereseaz\u0103. Nume Prenume Email Numar de telefon","protected":false},"author":1,"featured_media":0,"parent":0,"menu_order":0,"comment_status":"closed","ping_status":"closed","template":"","meta":{"footnotes":""},"class_list":["post-1825","page","type-page","status-publish","hentry"],"acf":[],"_links":{"self":[{"href":"https:\/\/yvycatering.ro\/en\/wp-json\/wp\/v2\/pages\/1825","targetHints":{"allow":["GET"]}}],"collection":[{"href":"https:\/\/yvycatering.ro\/en\/wp-json\/wp\/v2\/pages"}],"about":[{"href":"https:\/\/yvycatering.ro\/en\/wp-json\/wp\/v2\/types\/page"}],"author":[{"embeddable":true,"href":"https:\/\/yvycatering.ro\/en\/wp-json\/wp\/v2\/users\/1"}],"replies":[{"embeddable":true,"href":"https:\/\/yvycatering.ro\/en\/wp-json\/wp\/v2\/comments?post=1825"}],"version-history":[{"count":1,"href":"https:\/\/yvycatering.ro\/en\/wp-json\/wp\/v2\/pages\/1825\/revisions"}],"predecessor-version":[{"id":11269,"href":"https:\/\/yvycatering.ro\/en\/wp-json\/wp\/v2\/pages\/1825\/revisions\/11269"}],"wp:attachment":[{"href":"https:\/\/yvycatering.ro\/en\/wp-json\/wp\/v2\/media?parent=1825"}],"curies":[{"name":"wp","href":"https:\/\/api.w.org\/{rel}","templated":true}]}}